{"id":119,"date":"2015-01-11T14:28:00","date_gmt":"2015-01-11T14:28:00","guid":{"rendered":"http:\/\/szaszkogabriella.com\/index.php\/rola\/"},"modified":"2019-01-15T14:41:26","modified_gmt":"2019-01-15T13:41:26","slug":"rola","status":"publish","type":"page","link":"https:\/\/szaszkogabriella.com\/index.php\/hu\/rola\/","title":{"rendered":"R\u00f3lam"},"content":{"rendered":"<div class=\"MsoNormalCxSpFirst\">\n<div class=\"separator\" style=\"clear: both; text-align: center;\"><\/div>\n<p style=\"text-align: justify;\"><a href=\"https:\/\/i1.wp.com\/szaszkogabriella.com\/wp-content\/uploads\/2018\/04\/IMG_20171112_130642_671-1.jpg\"><img data-attachment-id=\"2187\" data-permalink=\"https:\/\/szaszkogabriella.com\/index.php\/hu\/rolam-irtak\/img_20171112_130642_671-1\/\" data-orig-file=\"https:\/\/i1.wp.com\/szaszkogabriella.com\/wp-content\/uploads\/2018\/04\/IMG_20171112_130642_671-1.jpg?fit=2041%2C2573&amp;ssl=1\" data-orig-size=\"2041,2573\" data-comments-opened=\"1\" data-image-meta=\"{&quot;aperture&quot;:&quot;0&quot;,&quot;credit&quot;:&quot;&quot;,&quot;camera&quot;:&quot;&quot;,&quot;caption&quot;:&quot;&quot;,&quot;created_timestamp&quot;:&quot;0&quot;,&quot;copyright&quot;:&quot;&quot;,&quot;focal_length&quot;:&quot;0&quot;,&quot;iso&quot;:&quot;0&quot;,&quot;shutter_speed&quot;:&quot;0&quot;,&quot;title&quot;:&quot;&quot;,&quot;orientation&quot;:&quot;0&quot;}\" data-image-title=\"IMG_20171112_130642_671 (1)\" data-image-description=\"\" data-medium-file=\"https:\/\/i1.wp.com\/szaszkogabriella.com\/wp-content\/uploads\/2018\/04\/IMG_20171112_130642_671-1.jpg?fit=238%2C300&amp;ssl=1\" data-large-file=\"https:\/\/i1.wp.com\/szaszkogabriella.com\/wp-content\/uploads\/2018\/04\/IMG_20171112_130642_671-1.jpg?fit=560%2C706&amp;ssl=1\" decoding=\"async\" loading=\"lazy\" class=\"wp-image-2187 alignleft\" src=\"https:\/\/i1.wp.com\/szaszkogabriella.com\/wp-content\/uploads\/2018\/04\/IMG_20171112_130642_671-1.jpg?resize=229%2C288\" alt=\"\" width=\"229\" height=\"288\" srcset=\"https:\/\/i1.wp.com\/szaszkogabriella.com\/wp-content\/uploads\/2018\/04\/IMG_20171112_130642_671-1.jpg?w=2041&amp;ssl=1 2041w, https:\/\/i1.wp.com\/szaszkogabriella.com\/wp-content\/uploads\/2018\/04\/IMG_20171112_130642_671-1.jpg?resize=238%2C300&amp;ssl=1 238w, https:\/\/i1.wp.com\/szaszkogabriella.com\/wp-content\/uploads\/2018\/04\/IMG_20171112_130642_671-1.jpg?resize=768%2C968&amp;ssl=1 768w, https:\/\/i1.wp.com\/szaszkogabriella.com\/wp-content\/uploads\/2018\/04\/IMG_20171112_130642_671-1.jpg?resize=812%2C1024&amp;ssl=1 812w, https:\/\/i1.wp.com\/szaszkogabriella.com\/wp-content\/uploads\/2018\/04\/IMG_20171112_130642_671-1.jpg?w=1120 1120w, https:\/\/i1.wp.com\/szaszkogabriella.com\/wp-content\/uploads\/2018\/04\/IMG_20171112_130642_671-1.jpg?w=1680 1680w\" sizes=\"(max-width: 229px) 100vw, 229px\" data-recalc-dims=\"1\" \/><\/a>Szaszk\u00f3 Gabriella vagyok, kreat\u00edv \u00edr\u00e1ssal, szerkeszt\u00e9ssel, blog\u00edr\u00e1ssal \u00e9s ford\u00edt\u00e1ssal foglalkozom. Blogoldalamon ebb\u0151l szeretn\u00e9k bemutatni egy szeletet, megosztani alkot\u00e1ssal kapcsolatos gondolataimat, emellett novell\u00e1imat \u00e9s a megjelent reg\u00e9nyeimmel kapcsolatos esem\u00e9nyeket, \u00e9rdekess\u00e9geket. Az oldal ezen r\u00e9sz\u00e9t a\u00a0bemutatkoz\u00e1somra sz\u00e1ntam.<\/p>\n<p style=\"text-align: justify;\">\u00cdr\u00f3i p\u00e1lyafut\u00e1som valahol gyermekkoromban kezd\u0151d\u00f6tt, m\u00e1r akkor is mes\u00e9ket alkottam. Err\u0151l az\u00f3ta is k\u00e9ptelen voltam leszokni, de \u00fagy gondolom ez nem is probl\u00e9ma, hiszen a fant\u00e1ziavil\u00e1got nem kin\u0151ni, hanem \u00e1polgatni kell, hogy min\u00e9l messzebbre \u00e9rjenek \u00e1gai.<\/p>\n<\/div>\n<div class=\"MsoNormalCxSpMiddle\" style=\"text-align: justify;\">Kunszentm\u00e1rtonban n\u0151ttem fel, de komolyabb novella\u00edr\u00e1ssal el\u0151sz\u00f6r szentesi gimn\u00e1ziumi \u00e9veim alatt pr\u00f3b\u00e1lkoztam, ami\u00a0v\u00e9g\u00fcl huszon\u00e9ves koromra n\u0151tte ki mag\u00e1t annyira, hogy p\u00e1ly\u00e1zatokra \u00e9s reg\u00e9ny\u00edr\u00e1sra is elsz\u00e1ntam magam.\u00a0 Az\u00f3ta t\u00f6bb reg\u00e9nyt is \u00edrtam, \u00e9s mindig dolgozom egyen.\u00a0Els\u0151 novell\u00e1m a Holnap magazinban jelent meg 2011-ben, amit t\u00f6bb\u00a0publik\u00e1ci\u00f3 k\u00f6vetett.<br \/>\n2012 tavasz\u00e1n r\u00e9szt vettem a g\u00f6d\u00f6ll\u0151i Irka \u00e1ltal szervezett \u00edr\u00f3kurzuson, amelyet Gal\u00e1ntai Zolt\u00e1n vezetett. Itt sok hasznos tapasztalattal gazdagodhattam a kreat\u00edv \u00edr\u00e1s ter\u00e9n. 2016-ban a K\u00f6nyvmolyk\u00e9pz\u0151 kiad\u00f3 gyakorlati szerkeszt\u0151i kurzus\u00e1n tanultam rengeteget Varga Be\u00e1t\u00f3l a kiad\u00f3kr\u00f3l, a reg\u00e9nyek \u00e9s novell\u00e1k szerkeszt\u00e9s\u00e9r\u0151l. 2016 a Maxim kiad\u00f3 elfogadta <em>Maradj velem<\/em> c\u00edm\u0171 reg\u00e9nyemet kiad\u00e1sra, amely most decemberben jelent meg. A Pennington-testv\u00e9rek tril\u00f3gia m\u00e1sodik k\u00f6tete 2017 december\u00e9ben k\u00f6vette az els\u0151t, Besz\u00e9lj hozz\u00e1m c\u00edmen.<\/div>\n<div class=\"MsoNormalCxSpMiddle\" style=\"text-align: justify;\">Emellett tulajdonosa vagyok a <a href=\"http:\/\/bizzarium.com\/\" target=\"_blank\" rel=\"noopener noreferrer\">Bizzarium<\/a> nev\u0171 magazinnak, \u00e9s r\u00e9sztulajdonosa a <a href=\"http:\/\/cornandsoda.com\/\" target=\"_blank\" rel=\"noopener noreferrer\">Corn&amp;Soda<\/a> nev\u0171 kultur\u00e1lis-filmes oldalnak is. A munk\u00e1m jav\u00e1t mostan\u00e1ban a ford\u00edt\u00e1s ut\u00e1ni szerkeszt\u00e9s \u00e9s a korrekt\u00far\u00e1z\u00e1s teszi ki, de egyre t\u00f6bbet szeretn\u00e9k m\u0171ford\u00edt\u00e1ssal is foglalkozni.<\/div>\n<div style=\"text-align: justify;\"><\/div>\n<div class=\"MsoNormalCxSpMiddle\" style=\"text-align: justify;\">Az \u00edr\u00e1sban el\u00e9g sok t\u00e9m\u00e1hoz k\u00f6t\u0151d\u00f6m. Most legk\u00f6zelebb a realista fikci\u00f3 \u00e1ll hozz\u00e1m, de nem vetem meg a sci-fi elemeket sem. \u00c9rdekelnek a ment\u00e1lis betegs\u00e9gek, a diszt\u00f3pi\u00e1k, a t\u00e1rsadalom k\u00e9rd\u00e9sei, az el\u0151\u00edt\u00e9letek \u00e9s ehhez hasonl\u00f3 t\u00e9m\u00e1k.\u00a0Egyetemi tanulm\u00e1nyaim is r\u00e1nyomt\u00e1k b\u00e9lyeg\u00e9t az alkot\u00e1saimra, hiszen 2013 febru\u00e1rj\u00e1ban pszichol\u00f3gi\u00e1b\u00f3l szereztem mesterdiplom\u00e1t.<br \/>\nN\u00e9gy \u00e9vet \u00e9ltem\u00a0Krakk\u00f3ban, el\u0151tte k\u00e9t h\u00f3napot Kanad\u00e1ban t\u00f6lt\u00f6ttem. Most \u00fagy fest, birminghami polg\u00e1rr\u00e1 n\u00f6v\u00f6m ki magam. Szeretem a multikultur\u00e1lis k\u00f6rnyezetet, a vil\u00e1g felfedez\u00e9se nagyon vonz.<\/div>\n<div class=\"MsoNormalCxSpMiddle\" style=\"text-align: justify;\"><\/div>\n<div class=\"MsoNormalCxSpMiddle\" style=\"text-align: justify;\">kapcsolat: gabriella.szaszko@gmail.com<\/div>\n<div class=\"MsoNormalCxSpMiddle\" style=\"text-align: justify;\"><\/div>\n<div class=\"MsoNormalCxSpMiddle\" style=\"text-align: justify;\"><b>Publik\u00e1ci\u00f3im:<\/b><\/div>\n<div><\/div>\n<div><em>2018<\/em><br \/>\nVigy\u00e1zz r\u00e1m, Dream v\u00e1logat\u00e1s, Maxim kiad\u00f3, 2018. december<\/div>\n<div><a href=\"http:\/\/online.fliphtml5.com\/udurq\/kear\/\">A f\u00e9nygy\u0171jt\u0151, Porcel\u00e1nsz\u00edv Irodalmi Foly\u00f3irat, L\u00e9lekt\u00e1nc-S\u00f6t\u00e9t \u00f6rv\u00e9ny, 2018. december<\/a><\/div>\n<div><a href=\"http:\/\/www.porcelansziv.hu\/2018\/11\/szaszko-gabriella-betakaritas.html\">A betakar\u00edt\u00e1s, Porcel\u00e1nsz\u00edv Irodalmi foly\u00f3irat, 2018. november<\/a><\/div>\n<div style=\"text-align: justify;\"><\/div>\n<div style=\"text-align: justify;\"><em>2017<\/em><\/div>\n<div style=\"text-align: justify;\">Besz\u00e9lj hozz\u00e1m, Dream v\u00e1logat\u00e1s, Maxim kiad\u00f3, 2017 december<br \/>\n<a href=\"https:\/\/www.weaselpress.com\/hauntedtraveler\">We&#8217;re Visiting Granny, The Haunted Traveler Anthology, 2017. december<\/a><\/div>\n<div class=\"MsoNormalCxSpMiddle\" style=\"text-align: justify;\">\n<p>2016<\/p>\n<p>Amit a tenger adott, Uploaded Magazin, 2016. febru\u00e1r<br \/>\nA k\u00f6nyvt\u00e1ri fantom, Kalandok \u00e9s Kalandoz\u00f3k II, Spiritart Egyes\u00fclet, 2016. \u00e1prilis<br \/>\n\u00c9rzelemmentesen, \u00daj Galaxis 24. sz\u00e1m, 2016. m\u00e1jus<br \/>\nNagypapa, Aranymos\u00e1s Irodalmi Magazin, 2016. szeptember<br \/>\nAmit a tenger adott, Aranymos\u00e1s Irodalmi Magazin, 2016. november<br \/>\nMaradj velem, Dream v\u00e1logat\u00e1s, Maxim kiad\u00f3, 2016. december<\/p>\n<p>2015<br \/>\nK\u00fcl\u00f6n\u00f6s esk\u00fcv\u0151, \u00daj Galaxis 22. sz\u00e1m, 2015. janu\u00e1r<br \/>\nLevelek k\u00f6z\u00f6tt a sz\u00e9l, Uploaded Magazin, 2015. j\u00falius<br \/>\nM\u0171v\u00e9szrezerv\u00e1tum, Uploaded Magazin, 2015. augusztus<\/p>\n<p>2014<br \/>\nNew World, The Tophat Raven Magazine, 2014. \u00e1prilis<br \/>\nSchool of Nations &#8211; Nemzetek iskol\u00e1ja,\u00a0Institute of the Mediterranean (IEMed), 2014. m\u00e1jus<br \/>\nAd\u00f3paradicsom, OpenHU elektronikus antol\u00f3gia, 2014. m\u00e1jus<br \/>\nSchool of Nations &#8211; Nemzetek Iskol\u00e1ja, Mediterranya Literary Blog, 2014. m\u00e1jus<br \/>\nAz \u00edr\u00f3, Kis Lant Irodalmi Foly\u00f3irat, 2014. j\u00falius<br \/>\nHajnali cs\u00edny, Kur\u00e1zsi Foly\u00f3irat, 2014. augusztus<br \/>\nA szellemseb\u00e9sz, Borzalom a sorok k\u00f6z\u00f6tt elektronikus antol\u00f3gia, 2014. okt\u00f3ber<\/p>\n<p><i>2013<\/i><br \/>\nMegl\u00e1togatjuk a nagyit, T\u00f6viskapu Antol\u00f3gia, 2013. febru\u00e1r<br \/>\nA h\u00e1zis\u00e1rk\u00e1ny, Holnap Magazin, 2013. \u00e1prilis<br \/>\nHiszek a t\u00e1rsadalombiztos\u00edt\u00e1sban, Nyakon\u00f6nt\u00f6tt Pr\u00f3bagoblin Szolg\u00e1ltat\u00f3h\u00e1z, 2013.december<br \/>\n\u00c1tmeneti \u00e1llom\u00e1s, Aranymos\u00e1s Irodalmi Magazin, 2013. december<br \/>\nAz akci\u00f3, A Preyer Hugo p\u00e1ly\u00e1zat hivatalos oldala, 2013. december<\/p>\n<p><i>2012<\/i><br \/>\nJ\u00f3kor J\u00f6tt az \u00c9jf\u00e9l, Holnap Magazin, 2012. j\u00fanius<br \/>\nFeh\u00e9r Kar\u00e1csony, T\u00e9li \u00c1lmok, K\u00f6nyvm\u0171hely Kiad\u00f3, 2012. november<\/p>\n<\/div>\n<div class=\"MsoNormalCxSpMiddle\" style=\"text-align: justify;\"><i>2011<\/i><br \/>\nK\u00f6rforg\u00e1s Falva, Holnap Magazin, 2011. december<\/div>\n<div class=\"MsoNormalCxSpFirst\" style=\"line-height: 200%; text-align: justify;\">Csoda Este, Var\u00e1zs-Lapok, Holnap Magazin Kiad\u00f3, 2011. december<\/div>\n<div class=\"MsoNormalCxSpFirst\" style=\"line-height: 200%; text-align: justify;\"><\/div>\n<div class=\"MsoNormalCxSpMiddle\">\n<div style=\"line-height: 200%; text-align: justify;\"><b>P\u00e1ly\u00e1zatok<\/b><\/div>\n<div style=\"line-height: 200%; text-align: justify;\">T\u00f6viskapu Antol\u00f3gia helyez\u00e9s: Megl\u00e1togatjuk a nagyit, 2012. december<\/div>\n<div style=\"line-height: 200%; text-align: justify;\">Holnap Magazin II. Ifj\u00fas\u00e1gi P\u00e1ly\u00e1zat: A h\u00e1zis\u00e1rk\u00e1ny, 2013. m\u00e1rcius<\/div>\n<div style=\"line-height: 200%; text-align: justify;\">Humanitas Kultur\u00e1lis Alap\u00edtv\u00e1ny &#8220;tolerancia&#8221; orsz\u00e1gos p\u00e1ly\u00e1zat: \u00daj Vil\u00e1g, 2013. \u00e1prilis<\/div>\n<div style=\"line-height: 200%; text-align: justify;\">Institute of the Mediterranean (IEMed) \u00e9s az Anna Lindh Foundation 6. Sea of Words<\/div>\n<div style=\"line-height: 200%; text-align: justify;\">nemzetk\u00f6zi novellap\u00e1ly\u00e1zat\u00e1n a 15 d\u00f6nt\u0151s k\u00f6z\u00f6tt: Nemzetek iskol\u00e1ja, 2013. augusztus<br \/>\nTales from the Blog novellap\u00e1ly\u00e1zat harmadik helyez\u00e9s: A szellemseb\u00e9sz, 2013. szeptember<br \/>\nOPENHU novella\u00edr\u00f3 p\u00e1ly\u00e1zat hatodik helyez\u00e9s: Ad\u00f3paradicsom, 2013. szeptember<br \/>\nAquarius Kincsei novellap\u00e1ly\u00e1zat, az \u00edr\u00e1som az els\u0151 h\u00fasz k\u00f6z\u00f6tt: A gondvisel\u0151, 2014. okt\u00f3ber<\/div>\n<div style=\"line-height: 200%; text-align: justify;\">Levelek k\u00f6z\u00f6tt a sz\u00e9l, Uploaded Magazin sz\u00fclet\u00e9snapi p\u00e1ly\u00e1zat els\u0151 helyez\u00e9s, 2015. j\u00falius<\/div>\n<\/div>\n<div class=\"MsoNormalCxSpMiddle\">\n<div style=\"line-height: 200%;\"><\/div>\n<div class=\"separator\" style=\"clear: both; text-align: center;\"><a style=\"margin-left: 1em; margin-right: 1em;\" href=\"https:\/\/i0.wp.com\/3.bp.blogspot.com\/-C0hHsSyAlkY\/UhiiZdVOMPI\/AAAAAAAAAhQ\/FSnKXhwPbvU\/s1600\/IMG_0576b.jpg\"><img decoding=\"async\" loading=\"lazy\" class=\"\" src=\"https:\/\/i2.wp.com\/szaszkogabriella.com\/wp-content\/uploads\/2015\/01\/IMG_0576b.jpg?resize=513%2C200\" alt=\"\" width=\"513\" height=\"200\" border=\"0\" data-recalc-dims=\"1\" \/><\/a><\/div>\n<div style=\"line-height: 200%;\"><\/div>\n<\/div>\n","protected":false},"excerpt":{"rendered":"<p>Szaszk\u00f3 Gabriella vagyok, kreat\u00edv \u00edr\u00e1ssal, szerkeszt\u00e9ssel, blog\u00edr\u00e1ssal \u00e9s ford\u00edt\u00e1ssal foglalkozom. Blogoldalamon ebb\u0151l szeretn\u00e9k bemutatni egy szeletet, megosztani alkot\u00e1ssal kapcsolatos gondolataimat, emellett novell\u00e1imat \u00e9s a megjelent reg\u00e9nyeimmel kapcsolatos esem\u00e9nyeket, \u00e9rdekess\u00e9geket. Az oldal ezen r\u00e9sz\u00e9t a\u00a0bemutatkoz\u00e1somra sz\u00e1ntam. \u00cdr\u00f3i p\u00e1lyafut\u00e1som valahol gyermekkoromban kezd\u0151d\u00f6tt, &hellip; <a class=\"more-link\" href=\"https:\/\/szaszkogabriella.com\/index.php\/hu\/rola\/\">Continue reading <span class=\"meta-nav\">&rarr;<\/span><\/a><\/p>\n","protected":false},"author":1,"featured_media":0,"parent":0,"menu_order":0,"comment_status":"open","ping_status":"open","template":"","meta":{"spay_email":""},"yoast_head":"<!-- This site is optimized with the Yoast SEO plugin v16.2 - https:\/\/yoast.com\/wordpress\/plugins\/seo\/ -->\n<meta name=\"robots\" content=\"index, follow, max-snippet:-1, max-image-preview:large, max-video-preview:-1\" \/>\n<link rel=\"canonical\" href=\"http:\/\/szaszkogabriella.com\/index.php\/hu\/rola\/\" \/>\n<meta property=\"og:locale\" content=\"en_US\" \/>\n<meta property=\"og:type\" content=\"article\" \/>\n<meta property=\"og:title\" content=\"R\u00f3lam - Szaszk\u00f3 Gabriella\" \/>\n<meta property=\"og:description\" content=\"Szaszk\u00f3 Gabriella vagyok, kreat\u00edv \u00edr\u00e1ssal, szerkeszt\u00e9ssel, blog\u00edr\u00e1ssal \u00e9s ford\u00edt\u00e1ssal foglalkozom. Blogoldalamon ebb\u0151l szeretn\u00e9k bemutatni egy szeletet, megosztani alkot\u00e1ssal kapcsolatos gondolataimat, emellett novell\u00e1imat \u00e9s a megjelent reg\u00e9nyeimmel kapcsolatos esem\u00e9nyeket, \u00e9rdekess\u00e9geket. Az oldal ezen r\u00e9sz\u00e9t a\u00a0bemutatkoz\u00e1somra sz\u00e1ntam. \u00cdr\u00f3i p\u00e1lyafut\u00e1som valahol gyermekkoromban kezd\u0151d\u00f6tt, &hellip; Continue reading &rarr;\" \/>\n<meta property=\"og:url\" content=\"http:\/\/szaszkogabriella.com\/index.php\/hu\/rola\/\" \/>\n<meta property=\"og:site_name\" content=\"Szaszk\u00f3 Gabriella\" \/>\n<meta property=\"article:modified_time\" content=\"2019-01-15T13:41:26+00:00\" \/>\n<meta property=\"og:image\" content=\"http:\/\/szaszkogabriella.com\/wp-content\/uploads\/2018\/04\/IMG_20171112_130642_671-1.jpg\" \/>\n<meta name=\"twitter:card\" content=\"summary\" \/>\n<meta name=\"twitter:label1\" content=\"Est. reading time\">\n\t<meta name=\"twitter:data1\" content=\"5 minutes\">\n<script type=\"application\/ld+json\" class=\"yoast-schema-graph\">{\"@context\":\"https:\/\/schema.org\",\"@graph\":[{\"@type\":\"WebSite\",\"@id\":\"http:\/\/szaszkogabriella.com\/index.php\/hu\/rola\/#website\",\"url\":\"http:\/\/szaszkogabriella.com\/index.php\/hu\/rola\/\",\"name\":\"Szaszk\\u00f3 Gabriella\",\"description\":\"\",\"potentialAction\":[{\"@type\":\"SearchAction\",\"target\":\"http:\/\/szaszkogabriella.com\/index.php\/hu\/rola\/?s={search_term_string}\",\"query-input\":\"required name=search_term_string\"}],\"inLanguage\":\"en-US\"},{\"@type\":\"ImageObject\",\"@id\":\"http:\/\/szaszkogabriella.com\/index.php\/hu\/rola\/#primaryimage\",\"inLanguage\":\"en-US\",\"url\":\"http:\/\/szaszkogabriella.com\/wp-content\/uploads\/2018\/04\/IMG_20171112_130642_671-1.jpg\",\"contentUrl\":\"http:\/\/szaszkogabriella.com\/wp-content\/uploads\/2018\/04\/IMG_20171112_130642_671-1.jpg\"},{\"@type\":\"WebPage\",\"@id\":\"http:\/\/szaszkogabriella.com\/index.php\/hu\/rola\/#webpage\",\"url\":\"http:\/\/szaszkogabriella.com\/index.php\/hu\/rola\/\",\"name\":\"R\\u00f3lam - Szaszk\\u00f3 Gabriella\",\"isPartOf\":{\"@id\":\"http:\/\/szaszkogabriella.com\/index.php\/hu\/rola\/#website\"},\"primaryImageOfPage\":{\"@id\":\"http:\/\/szaszkogabriella.com\/index.php\/hu\/rola\/#primaryimage\"},\"datePublished\":\"2015-01-11T14:28:00+00:00\",\"dateModified\":\"2019-01-15T13:41:26+00:00\",\"breadcrumb\":{\"@id\":\"http:\/\/szaszkogabriella.com\/index.php\/hu\/rola\/#breadcrumb\"},\"inLanguage\":\"en-US\",\"potentialAction\":[{\"@type\":\"ReadAction\",\"target\":[\"http:\/\/szaszkogabriella.com\/index.php\/hu\/rola\/\"]}]},{\"@type\":\"BreadcrumbList\",\"@id\":\"http:\/\/szaszkogabriella.com\/index.php\/hu\/rola\/#breadcrumb\",\"itemListElement\":[{\"@type\":\"ListItem\",\"position\":1,\"item\":{\"@type\":\"WebPage\",\"@id\":\"http:\/\/szaszkogabriella.com\/index.php\/en\/about-me\/\",\"url\":\"http:\/\/szaszkogabriella.com\/index.php\/en\/about-me\/\",\"name\":\"Home\"}},{\"@type\":\"ListItem\",\"position\":2,\"item\":{\"@id\":\"http:\/\/szaszkogabriella.com\/index.php\/hu\/rola\/#webpage\"}}]}]}<\/script>\n<!-- \/ Yoast SEO plugin. -->","jetpack_sharing_enabled":true,"jetpack_shortlink":"https:\/\/wp.me\/P6aBpy-1V","jetpack_likes_enabled":true,"jetpack-related-posts":[{"id":2152,"url":"https:\/\/szaszkogabriella.com\/index.php\/hu\/rolam-irtak\/","url_meta":{"origin":119,"position":0},"title":"R\u00f3lam \u00edrt\u00e1k","date":"April 26, 2018","format":false,"excerpt":"Erre az oldalra gy\u0171jt\u00f6ttem \u00f6ssze az eddig megjelent interj\u00fakat \u00e9s \u00e9rt\u00e9kel\u00e9seket a k\u00f6nyveimr\u0151l, hogy legyen mib\u0151l szemezgetni. Val\u00f3sz\u00edn\u0171leg a lista kor\u00e1ntsem teljes, hogyha kihagytam volna valakit, akkor nyugodtan jelezze! :) Emellett m\u00e9g sz\u00e1mos list\u00e1ban is felvillantott\u00e1tok m\u00e1r a k\u00f6nyveimet, amit szint\u00e9n nagyon k\u00f6sz\u00f6n\u00f6k!\u00a0 Minden \u00e9rt\u00e9kel\u00e9snek \u00e9s interj\u00fanak nagyon \u00f6r\u00fcl\u00f6k, k\u00f6sz\u00f6n\u00f6m,\u2026","rel":"","context":"Similar post","img":{"alt_text":"","src":"https:\/\/i0.wp.com\/szaszkogabriella.com\/wp-content\/uploads\/2018\/04\/15442115_1189708701121716_3438426609735529172_n.png?resize=350%2C200","width":350,"height":200},"classes":[]},{"id":1737,"url":"https:\/\/szaszkogabriella.com\/index.php\/hu\/szerkeszteslektoralas\/","url_meta":{"origin":119,"position":1},"title":"Referenci\u00e1im","date":"May 17, 2017","format":false,"excerpt":"Az \u00edr\u00e1s mellett szerkeszt\u00e9ssel, ford\u00edt\u00e1s ut\u00e1ni szerkeszt\u00e9ssel, cikk\u00edr\u00e1ssal-ford\u00edt\u00e1ssal \u00e9s m\u0171ford\u00edt\u00e1ssal is foglalkozom. 2017 okt\u00f3bere \u00f3ta sz\u00e1mlak\u00e9pes v\u00e1llalkoz\u00f3 vagyok.\u00a0A szerkeszt\u00e9st 2016-ban tanultam a K\u00f6nyvmolyk\u00e9pz\u0151 Kiad\u00f3 Sz\u00f6vegkert\u00e9szet kurzus\u00e1n, amelyet Varga Bea vezetett. Itt lektori v\u00e9lem\u00e9nyek \u00edr\u00e1s\u00e1val, novella-\u00e9s reg\u00e9nyszerkeszt\u00e9ssel foglalkoztunk. A pr\u00f3za\u00edr\u00e1s jav\u00e1t pedig 2012-ben saj\u00e1t\u00edtottam el a G\u00f6d\u00f6ll\u0151i IRKA szervez\u00e9s\u00e9ben indult kurzuson,\u2026","rel":"","context":"Similar post","img":{"alt_text":"","src":"https:\/\/i1.wp.com\/szaszkogabriella.com\/wp-content\/uploads\/2017\/05\/2349632625_4eba371b56_z-1.jpg?fit=530%2C275&ssl=1&resize=350%2C200","width":350,"height":200},"classes":[]},{"id":723,"url":"https:\/\/szaszkogabriella.com\/index.php\/hu\/irasaim\/","url_meta":{"origin":119,"position":2},"title":"\u00cdr\u00e1saim","date":"May 8, 2015","format":false,"excerpt":"Itt megtal\u00e1lhatj\u00e1tok az \u00f6sszes novell\u00e1m \u00e9s reg\u00e9nyem list\u00e1j\u00e1t, term\u00e9szetesen nem mind el\u00e9rhet\u0151 az internetr\u0151l, amelyik igen, arra kattinthattok \u00e9s csemeg\u00e9zhettek! K\u00f6sz\u00f6n\u00f6m az olvas\u00e1st! :) \u00a0 \u00a0 \u00a0 2017 Holnap vil\u00e1gv\u00e9ge After the rain fell A hal\u00e1l sz\u00edneket akar Feles\u00e9g\u2013gy\u00e1r A tet\u0151k felett Kov\u00e1csn\u00e9 els\u0151 \u00fatja Ny\u00e1ri vihar Nagyap\u00e1m temet\u00e9se Holnap\u2026","rel":"","context":"With 2 comments","img":{"alt_text":"","src":"","width":0,"height":0},"classes":[]}],"_links":{"self":[{"href":"https:\/\/szaszkogabriella.com\/index.php\/wp-json\/wp\/v2\/pages\/119"}],"collection":[{"href":"https:\/\/szaszkogabriella.com\/index.php\/wp-json\/wp\/v2\/pages"}],"about":[{"href":"https:\/\/szaszkogabriella.com\/index.php\/wp-json\/wp\/v2\/types\/page"}],"author":[{"embeddable":true,"href":"https:\/\/szaszkogabriella.com\/index.php\/wp-json\/wp\/v2\/users\/1"}],"replies":[{"embeddable":true,"href":"https:\/\/szaszkogabriella.com\/index.php\/wp-json\/wp\/v2\/comments?post=119"}],"version-history":[{"count":24,"href":"https:\/\/szaszkogabriella.com\/index.php\/wp-json\/wp\/v2\/pages\/119\/revisions"}],"predecessor-version":[{"id":2535,"href":"https:\/\/szaszkogabriella.com\/index.php\/wp-json\/wp\/v2\/pages\/119\/revisions\/2535"}],"wp:attachment":[{"href":"https:\/\/szaszkogabriella.com\/index.php\/wp-json\/wp\/v2\/media?parent=119"}],"curies":[{"name":"wp","href":"https:\/\/api.w.org\/{rel}","templated":true}]}}