{"id":1276,"date":"2016-09-08T09:12:03","date_gmt":"2016-09-08T08:12:03","guid":{"rendered":"http:\/\/szaszkogabriella.com\/?page_id=1276"},"modified":"2018-09-16T16:13:43","modified_gmt":"2018-09-16T15:13:43","slug":"my-writings","status":"publish","type":"page","link":"https:\/\/szaszkogabriella.com\/index.php\/en\/my-writings\/","title":{"rendered":"My Works"},"content":{"rendered":"<p style=\"font-weight: 300;\"><b><strong><a href=\"https:\/\/i0.wp.com\/szaszkogabriella.com\/wp-content\/uploads\/2018\/09\/20171208_165804.jpg\"><img data-attachment-id=\"2331\" data-permalink=\"https:\/\/szaszkogabriella.com\/index.php\/en\/my-writings\/20171208_165804-2\/\" data-orig-file=\"https:\/\/i0.wp.com\/szaszkogabriella.com\/wp-content\/uploads\/2018\/09\/20171208_165804.jpg?fit=2837%2C2311&amp;ssl=1\" data-orig-size=\"2837,2311\" data-comments-opened=\"1\" data-image-meta=\"{&quot;aperture&quot;:&quot;1.9&quot;,&quot;credit&quot;:&quot;&quot;,&quot;camera&quot;:&quot;SM-J500FN&quot;,&quot;caption&quot;:&quot;&quot;,&quot;created_timestamp&quot;:&quot;1512752284&quot;,&quot;copyright&quot;:&quot;&quot;,&quot;focal_length&quot;:&quot;3.7&quot;,&quot;iso&quot;:&quot;100&quot;,&quot;shutter_speed&quot;:&quot;0.02&quot;,&quot;title&quot;:&quot;&quot;,&quot;orientation&quot;:&quot;1&quot;}\" data-image-title=\"20171208_165804\" data-image-description=\"\" data-medium-file=\"https:\/\/i0.wp.com\/szaszkogabriella.com\/wp-content\/uploads\/2018\/09\/20171208_165804.jpg?fit=300%2C244&amp;ssl=1\" data-large-file=\"https:\/\/i0.wp.com\/szaszkogabriella.com\/wp-content\/uploads\/2018\/09\/20171208_165804.jpg?fit=560%2C456&amp;ssl=1\" decoding=\"async\" loading=\"lazy\" class=\"wp-image-2331 alignleft\" src=\"https:\/\/i0.wp.com\/szaszkogabriella.com\/wp-content\/uploads\/2018\/09\/20171208_165804.jpg?resize=448%2C365\" alt=\"\" width=\"448\" height=\"365\" srcset=\"https:\/\/i0.wp.com\/szaszkogabriella.com\/wp-content\/uploads\/2018\/09\/20171208_165804.jpg?w=2837&amp;ssl=1 2837w, https:\/\/i0.wp.com\/szaszkogabriella.com\/wp-content\/uploads\/2018\/09\/20171208_165804.jpg?resize=300%2C244&amp;ssl=1 300w, https:\/\/i0.wp.com\/szaszkogabriella.com\/wp-content\/uploads\/2018\/09\/20171208_165804.jpg?resize=768%2C626&amp;ssl=1 768w, https:\/\/i0.wp.com\/szaszkogabriella.com\/wp-content\/uploads\/2018\/09\/20171208_165804.jpg?resize=1024%2C834&amp;ssl=1 1024w, https:\/\/i0.wp.com\/szaszkogabriella.com\/wp-content\/uploads\/2018\/09\/20171208_165804.jpg?w=1120 1120w, https:\/\/i0.wp.com\/szaszkogabriella.com\/wp-content\/uploads\/2018\/09\/20171208_165804.jpg?w=1680 1680w\" sizes=\"(max-width: 448px) 100vw, 448px\" data-recalc-dims=\"1\" \/><\/a>Publications:<\/strong><\/b><\/p>\n<p style=\"font-weight: 300;\">2017<\/p>\n<p style=\"font-weight: 300;\">Talk to Me, Dream selection, Maxim Publishing House, December 2017<br \/>\n<a style=\"font-style: inherit; font-weight: inherit;\" href=\"https:\/\/www.weaselpress.com\/hauntedtraveler\">We\u2019re Visiting Granny, The Haunted Traveler Anthology, December 2017<\/a><\/p>\n<p><em>2016<br \/>\n<\/em>Stay with Me &#8211; novel, Maxim Publishing House, December 2016<br \/>\nGrandpa \u2013 short story, Aranymos\u00e1s Online Literary Magazine, September 2016<br \/>\nEmotionless \u2013 short story, \u00daj Galaxis Science-fiction Magazine, 24<sup>th<\/sup> Issue, May 2016<br \/>\nThe Library\u2019s Phantom \u2013 short story, Kalandok \u00e9s Kalandoz\u00f3k II, Spiritart Publishing, April 2016<br \/>\nWhat the Water Gave Me &#8211; novella, Uploaded Online Magazine, February 2016<\/p>\n<p><em>2015<\/em><br \/>\nArtist Reservation \u2013 short story, Uploaded Online Magazine, August 2015<br \/>\nWind Across the Leaves \u2013 short story, Uploaded Online Magazine, July 2015<br \/>\nStrange Wedding, \u00daj Galaxis Science Fiction Magazine, January 2015<\/p>\n<p><em>2014<\/em><br \/>\nGhost Surgeon \u2013 short story, Borzalom a sorok k\u00f6z\u00f6tt Online Anthology, October 2014<br \/>\nMorning Mischief \u2013 short story, Kur\u00e1zsi Literary Magazine, August 2014<br \/>\nThe Writer \u2013 flash fiction, Kis Lant Literary Magazine, July 2014<br \/>\nSchool of Nations \u2013 short story, Mediterranya Literary Blog, May 2014<br \/>\nTax Paradise \u2013 short story, OpenHU Online Anthology, May 2014<br \/>\nSchool of Nations \u2013 short story,\u00a0Institute of the Mediterranean (IEMed), May 2014<br \/>\nNew World \u2013 short story, The Tophat Raven Magazine, April 2014<\/p>\n<p><em>2013<\/em><br \/>\nThe Discount \u2013 short story, Preyer Hugo Literary Award Official Page, December 2013<br \/>\nTemporary Station \u2013 short story, Aranymos\u00e1s Online Literary Magazine, December 2013<br \/>\nI Believe In National Insurance \u2013 short story, Nyakon\u00f6nt\u00f6tt Pr\u00f3bagoblin Szolg\u00e1ltat\u00f3h\u00e1z Online Magazine, December 2013<br \/>\nThe House Dragon \u2013 short story, Holnap Literary Magazine, April 2013<br \/>\nWe\u2019re Visiting Granny \u2013 short story, T\u00f6viskapu Online Anthology, February 2013<\/p>\n<p><em>2012<\/em><br \/>\nWhite Christmas \u2013 short story, T\u00e9li \u00c1lmok Anthology,\u00a0 K\u00f6nyvm\u0171hely Publishing, November 2012<br \/>\nMidnight Was Right on Time \u2013 short story, Holnap Literary Magazin, June 2012<\/p>\n<p><em>2011<\/em><br \/>\nWonder Night \u2013 flash fiction, Var\u00e1zs-lapok, Holnap Literary Publishing, December 2011<br \/>\nVillage of Seasons \u2013 flash fiction, Holnap Literary Magazine, December 2011<\/p>\n<p><strong>Literary Contest<\/strong><\/p>\n<p>Wind Across the Leaves, Uploaded Online Magazine Literary Contest 1<sup>st<\/sup> place, July 2015<br \/>\nAquarius Kincsei Short Story Competition \u2013 between the 20 finalist: The Guardian, October 2014<br \/>\nOPENHU Short Story Competition 6<sup>th<\/sup> place: Tax Paradise, September 2013<br \/>\nTales from the Blog Literary Contest 3<sup>rd<\/sup> place: The Ghost Surgeon, September 2013<br \/>\nInstitute of the Mediterranean (IEMed) and the Anna Lindh Foundation 6<sup>th<\/sup> Sea of Words International Short Story Contest \u2013 between the 15 finalist: School of Nations, August 2013<br \/>\nHumanitas Cultural Foundation \u201cTolerance\u201d National Literary Contest 1<sup>st<\/sup> Place: New World, April 2013<br \/>\nT\u00f6viskapu Anthology Placement: We\u2019re Visiting Granny, December 2012<\/p>\n<p><strong>Editing Jobs<\/strong><\/p>\n<p>Savanna Halliwell: Warlock \u2013 The Kianti Alliance &#8211; novel editing<br \/>\nMagdi Kiss: Hello Belgium \u2013 novel editing<\/p>\n","protected":false},"excerpt":{"rendered":"<p>Publications: 2017 Talk to Me, Dream selection, Maxim Publishing House, December 2017 We\u2019re Visiting Granny, The Haunted Traveler Anthology, December 2017 2016 Stay with Me &#8211; novel, Maxim Publishing House, December 2016 Grandpa \u2013 short story, Aranymos\u00e1s Online Literary Magazine, &hellip; <a class=\"more-link\" href=\"https:\/\/szaszkogabriella.com\/index.php\/en\/my-writings\/\">Continue reading <span class=\"meta-nav\">&rarr;<\/span><\/a><\/p>\n","protected":false},"author":1,"featured_media":0,"parent":0,"menu_order":0,"comment_status":"open","ping_status":"open","template":"","meta":{"spay_email":""},"yoast_head":"<!-- This site is optimized with the Yoast SEO plugin v16.2 - https:\/\/yoast.com\/wordpress\/plugins\/seo\/ -->\n<meta name=\"robots\" content=\"index, follow, max-snippet:-1, max-image-preview:large, max-video-preview:-1\" \/>\n<link rel=\"canonical\" href=\"http:\/\/szaszkogabriella.com\/index.php\/en\/my-writings\/\" \/>\n<meta property=\"og:locale\" content=\"en_US\" \/>\n<meta property=\"og:type\" content=\"article\" \/>\n<meta property=\"og:title\" content=\"My Works - Szaszk\u00f3 Gabriella\" \/>\n<meta property=\"og:description\" content=\"Publications: 2017 Talk to Me, Dream selection, Maxim Publishing House, December 2017 We\u2019re Visiting Granny, The Haunted Traveler Anthology, December 2017 2016 Stay with Me &#8211; novel, Maxim Publishing House, December 2016 Grandpa \u2013 short story, Aranymos\u00e1s Online Literary Magazine, &hellip; Continue reading &rarr;\" \/>\n<meta property=\"og:url\" content=\"http:\/\/szaszkogabriella.com\/index.php\/en\/my-writings\/\" \/>\n<meta property=\"og:site_name\" content=\"Szaszk\u00f3 Gabriella\" \/>\n<meta property=\"article:modified_time\" content=\"2018-09-16T15:13:43+00:00\" \/>\n<meta property=\"og:image\" content=\"http:\/\/szaszkogabriella.com\/wp-content\/uploads\/2018\/09\/20171208_165804.jpg\" \/>\n<meta name=\"twitter:card\" content=\"summary\" \/>\n<meta name=\"twitter:label1\" content=\"Est. reading time\">\n\t<meta name=\"twitter:data1\" content=\"2 minutes\">\n<script type=\"application\/ld+json\" class=\"yoast-schema-graph\">{\"@context\":\"https:\/\/schema.org\",\"@graph\":[{\"@type\":\"WebSite\",\"@id\":\"https:\/\/szaszkogabriella.com\/index.php\/hu\/rola\/#website\",\"url\":\"https:\/\/szaszkogabriella.com\/index.php\/hu\/rola\/\",\"name\":\"Szaszk\\u00f3 Gabriella\",\"description\":\"\",\"potentialAction\":[{\"@type\":\"SearchAction\",\"target\":\"https:\/\/szaszkogabriella.com\/index.php\/hu\/rola\/?s={search_term_string}\",\"query-input\":\"required name=search_term_string\"}],\"inLanguage\":\"en-US\"},{\"@type\":\"ImageObject\",\"@id\":\"http:\/\/szaszkogabriella.com\/index.php\/en\/my-writings\/#primaryimage\",\"inLanguage\":\"en-US\",\"url\":\"http:\/\/szaszkogabriella.com\/wp-content\/uploads\/2018\/09\/20171208_165804.jpg\",\"contentUrl\":\"http:\/\/szaszkogabriella.com\/wp-content\/uploads\/2018\/09\/20171208_165804.jpg\"},{\"@type\":\"WebPage\",\"@id\":\"http:\/\/szaszkogabriella.com\/index.php\/en\/my-writings\/#webpage\",\"url\":\"http:\/\/szaszkogabriella.com\/index.php\/en\/my-writings\/\",\"name\":\"My Works - Szaszk\\u00f3 Gabriella\",\"isPartOf\":{\"@id\":\"https:\/\/szaszkogabriella.com\/index.php\/hu\/rola\/#website\"},\"primaryImageOfPage\":{\"@id\":\"http:\/\/szaszkogabriella.com\/index.php\/en\/my-writings\/#primaryimage\"},\"datePublished\":\"2016-09-08T08:12:03+00:00\",\"dateModified\":\"2018-09-16T15:13:43+00:00\",\"breadcrumb\":{\"@id\":\"http:\/\/szaszkogabriella.com\/index.php\/en\/my-writings\/#breadcrumb\"},\"inLanguage\":\"en-US\",\"potentialAction\":[{\"@type\":\"ReadAction\",\"target\":[\"http:\/\/szaszkogabriella.com\/index.php\/en\/my-writings\/\"]}]},{\"@type\":\"BreadcrumbList\",\"@id\":\"http:\/\/szaszkogabriella.com\/index.php\/en\/my-writings\/#breadcrumb\",\"itemListElement\":[{\"@type\":\"ListItem\",\"position\":1,\"item\":{\"@type\":\"WebPage\",\"@id\":\"http:\/\/szaszkogabriella.com\/index.php\/en\/about-me\/\",\"url\":\"http:\/\/szaszkogabriella.com\/index.php\/en\/about-me\/\",\"name\":\"Home\"}},{\"@type\":\"ListItem\",\"position\":2,\"item\":{\"@id\":\"http:\/\/szaszkogabriella.com\/index.php\/en\/my-writings\/#webpage\"}}]}]}<\/script>\n<!-- \/ Yoast SEO plugin. -->","jetpack_sharing_enabled":true,"jetpack_shortlink":"https:\/\/wp.me\/P6aBpy-kA","jetpack_likes_enabled":true,"jetpack-related-posts":[{"id":2975,"url":"https:\/\/szaszkogabriella.com\/index.php\/en\/what-is-this-all-about\/","url_meta":{"origin":1276,"position":0},"title":"What is this all about?","date":"February 2, 2020","format":false,"excerpt":"I am blogger since 2012, I have an author\u2019s page in Hungarian (contains some English info if you click here) and a Paranormal Magazine. Since I live my life in English and Hungarian I\u2019ve played with a thought for a long time to have an all English language blog. In\u2026","rel":"","context":"Similar post","img":{"alt_text":"","src":"https:\/\/i2.wp.com\/szaszkogabriella.com\/wp-content\/uploads\/2020\/02\/MY01.jpg?fit=1200%2C600&ssl=1&resize=350%2C200","width":350,"height":200},"classes":[]},{"id":1278,"url":"https:\/\/szaszkogabriella.com\/index.php\/en\/about-me\/","url_meta":{"origin":1276,"position":1},"title":"About me","date":"September 8, 2016","format":false,"excerpt":"Gabriella Szaszko is a Hungarian author who writes mostly literary fiction novels. Her books explore themes centered around trauma, mental health, and addiction. She has a master\u2019s degree in psychology, hence the interest in healing and mental disorders. She has published nine novels altogether at Maxim Publishing House since 2016.\u2026","rel":"","context":"Similar post","img":{"alt_text":"","src":"https:\/\/i1.wp.com\/szaszkogabriella.com\/wp-content\/uploads\/2024\/01\/PXL_20231231_1422381882-210x300.jpg?resize=350%2C200","width":350,"height":200},"classes":[]}],"_links":{"self":[{"href":"https:\/\/szaszkogabriella.com\/index.php\/wp-json\/wp\/v2\/pages\/1276"}],"collection":[{"href":"https:\/\/szaszkogabriella.com\/index.php\/wp-json\/wp\/v2\/pages"}],"about":[{"href":"https:\/\/szaszkogabriella.com\/index.php\/wp-json\/wp\/v2\/types\/page"}],"author":[{"embeddable":true,"href":"https:\/\/szaszkogabriella.com\/index.php\/wp-json\/wp\/v2\/users\/1"}],"replies":[{"embeddable":true,"href":"https:\/\/szaszkogabriella.com\/index.php\/wp-json\/wp\/v2\/comments?post=1276"}],"version-history":[{"count":3,"href":"https:\/\/szaszkogabriella.com\/index.php\/wp-json\/wp\/v2\/pages\/1276\/revisions"}],"predecessor-version":[{"id":2332,"href":"https:\/\/szaszkogabriella.com\/index.php\/wp-json\/wp\/v2\/pages\/1276\/revisions\/2332"}],"wp:attachment":[{"href":"https:\/\/szaszkogabriella.com\/index.php\/wp-json\/wp\/v2\/media?parent=1276"}],"curies":[{"name":"wp","href":"https:\/\/api.w.org\/{rel}","templated":true}]}}