{"id":1737,"date":"2017-05-17T16:35:47","date_gmt":"2017-05-17T15:35:47","guid":{"rendered":"http:\/\/szaszkogabriella.com\/?page_id=1737"},"modified":"2019-07-14T08:32:59","modified_gmt":"2019-07-14T07:32:59","slug":"szerkeszteslektoralas","status":"publish","type":"page","link":"https:\/\/szaszkogabriella.com\/index.php\/hu\/szerkeszteslektoralas\/","title":{"rendered":"Referenci\u00e1im"},"content":{"rendered":"<p style=\"text-align: justify;\">Az \u00edr\u00e1s mellett szerkeszt\u00e9ssel, ford\u00edt\u00e1s ut\u00e1ni szerkeszt\u00e9ssel, cikk\u00edr\u00e1ssal-ford\u00edt\u00e1ssal \u00e9s m\u0171ford\u00edt\u00e1ssal is foglalkozom. 2017 okt\u00f3bere \u00f3ta sz\u00e1mlak\u00e9pes v\u00e1llalkoz\u00f3 vagyok.\u00a0A szerkeszt\u00e9st 2016-ban tanultam a K\u00f6nyvmolyk\u00e9pz\u0151 Kiad\u00f3 Sz\u00f6vegkert\u00e9szet kurzus\u00e1n, amelyet Varga Bea vezetett. Itt lektori v\u00e9lem\u00e9nyek \u00edr\u00e1s\u00e1val, novella-\u00e9s reg\u00e9nyszerkeszt\u00e9ssel foglalkoztunk. A pr\u00f3za\u00edr\u00e1s jav\u00e1t pedig 2012-ben saj\u00e1t\u00edtottam el a G\u00f6d\u00f6ll\u0151i IRKA szervez\u00e9s\u00e9ben indult kurzuson, amelyet Gal\u00e1ntai Zolt\u00e1n vezetett. 2016 decemberben pedig megjelent els\u0151 reg\u00e9nyem a Maxim kiad\u00f3 Dream-v\u00e1logat\u00e1s sorozat\u00e1ban, a m\u00e1sodik pedig 2017 v\u00e9g\u00e9n.<\/p>\n<p style=\"text-align: justify;\">Sz\u00edvesen v\u00e1laszolok egy\u00e9ni \u00e9s kiad\u00f3i felk\u00e9r\u00e9sekre is ford\u00edt\u00e1s \u00e9s szerkeszt\u00e9s ter\u00fclet\u00e9n. Forduljatok hozz\u00e1m bizalommal a gabriella.szaszko@gmail.com e-mail c\u00edmen!<\/p>\n<p style=\"text-align: justify;\">A referenci\u00e1im list\u00e1ja itt tal\u00e1lhat\u00f3:<\/p>\n<p style=\"text-align: justify;\"><strong>M\u0171ford\u00edt\u00e1saim:<\/strong><\/p>\n<p style=\"text-align: justify;\"><a href=\"http:\/\/hplovecraft.hu\/index.php?page=library_books&amp;id=761\">T.E.D. Klein: Esem\u00e9nyek a Poroth farmon, Azilum Magazin 9. 2018<\/a><\/p>\n<p style=\"text-align: justify;\">H. P. Lovecraft &#8211; A. del Castro &#8211; A villamosh\u00f3h\u00e9r, Azilum Magazin, 2019<\/p>\n<p>Clark Ashton Smith &#8211; Genius Loci, Azilum Magazin, 2019<\/p>\n<p><a href=\"https:\/\/moly.hu\/konyvek\/emma-rowley-hova-lettek-az-eltuntek\">Emma Rowley: Hov\u00e1 lettek az elt\u0171ntek?, \u00c1lomgy\u00e1r kiad\u00f3, 2018<\/a><\/p>\n<p><a href=\"https:\/\/moly.hu\/konyvek\/lucy-dawson-temetetlen-mult\">Lucy Dawson: Temetetlen m\u00falt, \u00c1lomgy\u00e1r kiad\u00f3, 2018<\/a><\/p>\n<p><a href=\"https:\/\/www.libri.hu\/konyv\/lucy_dawson.kegyes-hazugsagok-4.html\">Lucy Dawson: Kegyes hazugs\u00e1gok, \u00c1lomgy\u00e1r kiad\u00f3, 2019<\/a><\/p>\n<p><a href=\"https:\/\/moly.hu\/konyvek\/a-l-jackson-elvesznek-benned\">A.L. Jackson: Elveszn\u00e9k benned, \u00c1lomgy\u00e1r kiad\u00f3, 2019<\/a><\/p>\n<p><a href=\"https:\/\/moly.hu\/konyvek\/a-l-jackson-visszaternek-hozzad\">A.L. Jackson: Visszat\u00e9rn\u00e9k hozz\u00e1d, \u00c1lomgy\u00e1r kiad\u00f3, 2019<\/a><\/p>\n<p><a href=\"https:\/\/moly.hu\/konyvek\/marnie-willow-fedezd-fel\">Marnie Willow: Fedezd fel! &#8211; 30 elk\u00e9peszt\u0151 otthoni k\u00eds\u00e9rlet, \u00c1lomgy\u00e1r kiad\u00f3, 2019<\/a><\/p>\n<p><a href=\"https:\/\/moly.hu\/konyvek\/sylvia-day-mr-frost-a-fagyos-szereto\">Sylvia Day: Mr. Frost &#8211; A fagyos szeret\u0151, \u00c1lomgy\u00e1r kiad\u00f3, 2019<\/a><\/p>\n<p><a href=\"https:\/\/moly.hu\/konyvek\/abbi-glines-fallen-too-far-beledesve\">Abbi Glines: Fallen too Far &#8211; Bel\u00e9desve, Maxim kiad\u00f3, 2019<\/a><\/p>\n<p style=\"text-align: justify;\"><strong>Szerkeszt\u00e9seim:<\/strong><\/p>\n<p style=\"text-align: justify;\"><a href=\"https:\/\/konyvmolykepzo.hu\/products-page\/konyv\/greff-magdi-huzos-szerelem-7911\">Greff Magdi: H\u00faz\u00f3s szerelem, K\u00f6nyvmolyk\u00e9pz\u0151 kiad\u00f3, 2017<\/a><\/p>\n<p style=\"text-align: justify;\"><a href=\"https:\/\/www.lira.hu\/hu\/konyv\/szepirodalom\/sci-fi-fantasy-krimi\/duplacsavar-1\">Tiszlavicz M\u00e1ria: Duplacsavar, Underground kiad\u00f3, 2017<\/a><\/p>\n<p style=\"text-align: justify;\"><strong>Kontrollszerkeszt\u00e9seim:<\/strong><\/p>\n<p style=\"text-align: justify;\"><a href=\"https:\/\/moly.hu\/konyvek\/pauline-peters-a-rubinvoros-kamra\">Pauline Peters: A rubinv\u00f6r\u00f6s kamra<\/a>, Dream v\u00e1logat\u00e1s, Maxim kiad\u00f3<\/p>\n<p style=\"text-align: justify;\"><a href=\"https:\/\/moly.hu\/konyvek\/jennifer-e-smith-vajon-rank-talal-a-szerencse\">Jennifer E. Smith: Vajon r\u00e1nk tal\u00e1l a szerencse?<\/a>, Dream v\u00e1logat\u00e1s, Maxim kiad\u00f3<\/p>\n<p style=\"text-align: justify;\"><a href=\"https:\/\/moly.hu\/konyvek\/alan-bradley-a-halott-madarak-nem-enekelnek\">Alan Bradley: A halott madarak nem \u00e9nekelnek<\/a>, Dream v\u00e1logat\u00e1s, Maxim kiad\u00f3<\/p>\n<p style=\"text-align: justify;\"><a href=\"https:\/\/www.olvas.hu\/termekek\/mx1175-gyonyoru-bucsuzas\">Jamie McGuire: Gy\u00f6ny\u00f6r\u0171 b\u00facs\u00faz\u00e1s<\/a>, Dream v\u00e1logat\u00e1s, Maxim kiad\u00f3<\/p>\n<p style=\"text-align: justify;\"><a href=\"https:\/\/www.olvas.hu\/termekek\/mx1037-a-jovom\">Abbi Glines: A j\u00f6v\u0151m<\/a>, Dream v\u00e1logat\u00e1s, Maxim kiad\u00f3<\/p>\n<p style=\"text-align: justify;\"><a href=\"https:\/\/www.olvas.hu\/termekek\/mx1406-vilagok-utazoi\">Alexandra Bracken: Vil\u00e1gok utaz\u00f3i<\/a>, Dream v\u00e1logat\u00e1s, Maxim kiad\u00f3<\/p>\n<p style=\"text-align: justify;\"><a href=\"https:\/\/www.olvas.hu\/termekek\/mx1185-soha-mindig-neha\">Adi Alsaid:\u00a0Soha, mindig, n\u00e9ha<\/a>, Dream v\u00e1logat\u00e1s, Maxim kiad\u00f3<\/p>\n<p><a href=\"https:\/\/www.olvas.hu\/termekek\/mx1186-tokeletes-hazugsag\">Emily Elgar: T\u00f6k\u00e9letes hazugs\u00e1g, Dream v\u00e1logat\u00e1s, Maxim kiad\u00f3<\/a><\/p>\n<p><a href=\"https:\/\/www.olvas.hu\/termekek\/mx999-a-halott-madarak-nem-dalolnak\">Alan Bradley: A halott madarak nem \u00e9nekelnek<\/a>, Dream v\u00e1logat\u00e1s, Maxim kiad\u00f3<\/p>\n<p><a href=\"https:\/\/www.olvas.hu\/termekek\/mx1193-a-szerelem-illata\">Stacey Lee: A szerelem illata,<\/a> Dream v\u00e1logat\u00e1s, Maxim kiad\u00f3<\/p>\n<p><a href=\"https:\/\/www.olvas.hu\/termekek\/mx1052-lathatatlan-emmie\">Terri Libenson: L\u00e1thatatlan Emmie,<\/a> Delfin k\u00f6nyvek, Maxim kiad\u00f3<\/p>\n<p><a href=\"https:\/\/www.olvas.hu\/termekek\/mx1055-het-nap-szerelem\">Rosie Walsh: H\u00e9t nap szerelem<\/a>, Dream v\u00e1logat\u00e1s, Maxim kiad\u00f3<\/p>\n<p><a href=\"https:\/\/www.olvas.hu\/termekek\/mx1056-vigyazz-holly-chase-a-hirnev-ara\">Cynthia Hand: Vigy\u00e1zz, Holly Chase,<\/a> Dream v\u00e1logat\u00e1s, Maxim kiad\u00f3<\/p>\n<p><a href=\"https:\/\/www.olvas.hu\/termekek\/mx1077-everless-a-varazslono-es-az-alkimista\">Sarah Holland: Everless &#8211; A var\u00e1zsl\u00f3 \u00e9s az alkimista<\/a>, Dream v\u00e1logat\u00e1s, Maxim kiad\u00f3<\/p>\n<p><a href=\"https:\/\/www.olvas.hu\/termekek\/mx1060-sotet-orokseg\">Alexandra Bracken: S\u00f6t\u00e9t \u00f6r\u00f6ks\u00e9g<\/a>, Dream v\u00e1logat\u00e1s, Maxim kiad\u00f3<\/p>\n<p><a href=\"https:\/\/www.olvas.hu\/termekek\/mx1066-lazaduk\">Kass Morgan: L\u00e1zad\u00f3k<\/a>, Dream v\u00e1logat\u00e1s, Maxim kiad\u00f3<\/p>\n<p style=\"text-align: justify;\"><strong>Korrekt\u00far\u00e1im:<\/strong><\/p>\n<p style=\"text-align: justify;\"><a href=\"https:\/\/www.olvas.hu\/termekek\/mx1407-almomban-szerettelek\">Abbi Glines: \u00c1lmomban szerettelek, Dream v\u00e1logat\u00e1s, Maxim kiad\u00f3<\/a><\/p>\n<p style=\"text-align: justify;\"><a href=\"https:\/\/www.olvas.hu\/termekek\/mx1191-a-leszrom-rafinalt-muveszete-a-tokeletes-elet-tokeletlen-megkozelitese\">Mark Manson: A lesz*rom rafin\u00e1lt m\u0171v\u00e9szete, Dream v\u00e1logat\u00e1s, Maxim kiad\u00f3<\/a><\/p>\n<p style=\"text-align: justify;\"><a href=\"https:\/\/www.olvas.hu\/termekek\/mx1176-love-gelato-firenzei-nyar\">Jenna Evans Welch: Love &amp; Gelato \u2013 Firenzei ny\u00e1r, Dream v\u00e1logat\u00e1s, Maxim kiad\u00f3<\/a><\/p>\n<p style=\"text-align: justify;\"><a href=\"https:\/\/moly.hu\/konyvek\/abbi-glines-te-vagy-nekem-a-jovo\">Abbi Glines: Te vagy nekem a j\u00f6v\u0151<\/a>, Dream v\u00e1logat\u00e1s, Maxim kiad\u00f3<\/p>\n<p style=\"text-align: justify;\"><a href=\"https:\/\/moly.hu\/konyvek\/krystal-sutherland-a-szerelem-kemiaja\">Krystal Sutherland: A szerelem k\u00e9mi\u00e1ja<\/a>, Dream v\u00e1logats, Maxim kiad\u00f3<\/p>\n<p style=\"text-align: justify;\"><a href=\"https:\/\/moly.hu\/konyvek\/mindy-mejia-amit-csak-akarsz\">Mindy Mejia: Amit csak akarsz<\/a>, Dream v\u00e1logat\u00e1s, Maxim kiad\u00f3<\/p>\n<p style=\"text-align: justify;\"><a href=\"https:\/\/www.olvas.hu\/termekek\/mx1020-az-arny-oraja\">Melissa Grey: Az \u00e1rny \u00f3r\u00e1ja<\/a>, Dream v\u00e1logat\u00e1s, Maxim kiad\u00f3<\/p>\n<p style=\"text-align: justify;\"><a href=\"https:\/\/moly.hu\/konyvek\/kai-meyer-a-betu-magusa\">Kai Meyer: A bet\u0171 m\u00e1gusa<\/a>, Dream v\u00e1logat\u00e1s, Maxim kiad\u00f3<\/p>\n<p style=\"text-align: justify;\"><a href=\"https:\/\/moly.hu\/konyvek\/kendall-kulper-a-magikus-tolvaj\">Kendall Kulper: A m\u00e1gikus tolvaj<\/a>, Dream v\u00e1logat\u00e1s, Maxim kiad\u00f3<\/p>\n<p style=\"text-align: justify;\"><a href=\"https:\/\/moly.hu\/konyvek\/lele-pons-melissa-de-la-cruz-eld-tul-a-sulit\">Lele Pons \u2013 Melissa de la Cruz: \u00c9ld t\u00fal a sulit!<\/a>, Dream v\u00e1logat\u00e1s, Maxim kiad\u00f3<\/p>\n<p style=\"text-align: justify;\"><a href=\"https:\/\/moly.hu\/konyvek\/tamara-ireland-stone-klikk\">Tamara Ireland Stone: Klikk<\/a>, Dream v\u00e1logat\u00e1s, Maxim kiad\u00f3<\/p>\n<p style=\"text-align: justify;\"><a href=\"https:\/\/moly.hu\/konyvek\/amy-ewing-a-fekete-kulcs\">Amy Ewing: A fekete kulcs<\/a>, Dream v\u00e1logat\u00e1s, Maxim kiad\u00f3<\/p>\n<p><a href=\"https:\/\/www.olvas.hu\/termekek\/mx1085-a-rozsaszoba-titka\">Pauline Peters: A r\u00f3zsaszoba titka, Mont Blanc v\u00e1logat\u00e1s, Maxim kiad\u00f3<\/a><\/p>\n<p><a href=\"https:\/\/www.olvas.hu\/termekek\/mx1051-lehull-a-lepel\">Karen McManus: Lehull a lepel, Dream v\u00e1logat\u00e1s, Maxim kiad\u00f3<\/a><\/p>\n<p><a href=\"https:\/\/www.olvas.hu\/termekek\/mx1054-alice-halozata\">Kate Quinn: Alice h\u00e1l\u00f3zata, Mont Blanc v\u00e1logat\u00e1s, Maxim kiad\u00f3<\/a><\/p>\n<p><a href=\"https:\/\/www.olvas.hu\/termekek\/mx1192-karolina\">R. M. Romero: Karolina \u00e9s a krakk\u00f3i babak\u00e9sz\u00edt\u0151, Dream v\u00e1logat\u00e1s, Maxim kiad\u00f3<\/a><\/p>\n<p style=\"text-align: justify;\"><strong>Cikkeim\/cikkford\u00edt\u00e1saim:<\/strong><\/p>\n<p style=\"text-align: justify;\">http:\/\/cornandsoda.com\/author\/octoberair\/<\/p>\n<p style=\"text-align: justify;\">http:\/\/bizzarium.com\/author\/octoberair\/<\/p>\n<p style=\"text-align: justify;\">Hozz\u00e1f\u0171z\u00e9s:<\/p>\n<p style=\"text-align: justify;\"><em>Mag\u00e1nszem\u00e9lyek egy\u00e9ni felk\u00e9r\u00e9seire is v\u00e1laszolok, de els\u0151k\u00e9nt szeretn\u00e9m, ha elk\u00fclden\u00e9tek a reg\u00e9ny els\u0151 fejezet\u00e9t a gabriella.szaszko@gmail.com c\u00edmre. Az els\u0151 fejezetet pr\u00f3bak\u00e9pp megszerkesztem, \u00e9s hogyha l\u00e1tom a lehet\u0151s\u00e9g\u00e9t a k\u00f6z\u00f6s munk\u00e1ra, akkor megbesz\u00e9lj\u00fck a tov\u00e1bbi r\u00e9szleteket. A nyelvi jav\u00edt\u00e1sok mellett figyelek a fogalmaz\u00e1sra, az \u00edr\u00e1s alapvet\u0151 szab\u00e1lyaira \u00e9s a reg\u00e9ny egys\u00e9geire is. Forduljatok hozz\u00e1m bizalommal!<\/em><\/p>\n<p style=\"text-align: justify;\">\n","protected":false},"excerpt":{"rendered":"<p>Az \u00edr\u00e1s mellett szerkeszt\u00e9ssel, ford\u00edt\u00e1s ut\u00e1ni szerkeszt\u00e9ssel, cikk\u00edr\u00e1ssal-ford\u00edt\u00e1ssal \u00e9s m\u0171ford\u00edt\u00e1ssal is foglalkozom. 2017 okt\u00f3bere \u00f3ta sz\u00e1mlak\u00e9pes v\u00e1llalkoz\u00f3 vagyok.\u00a0A szerkeszt\u00e9st 2016-ban tanultam a K\u00f6nyvmolyk\u00e9pz\u0151 Kiad\u00f3 Sz\u00f6vegkert\u00e9szet kurzus\u00e1n, amelyet Varga Bea vezetett. Itt lektori v\u00e9lem\u00e9nyek \u00edr\u00e1s\u00e1val, novella-\u00e9s reg\u00e9nyszerkeszt\u00e9ssel foglalkoztunk. A pr\u00f3za\u00edr\u00e1s jav\u00e1t &hellip; <a class=\"more-link\" href=\"https:\/\/szaszkogabriella.com\/index.php\/hu\/szerkeszteslektoralas\/\">Continue reading <span class=\"meta-nav\">&rarr;<\/span><\/a><\/p>\n","protected":false},"author":1,"featured_media":1738,"parent":0,"menu_order":0,"comment_status":"closed","ping_status":"closed","template":"","meta":{"spay_email":""},"yoast_head":"<!-- This site is optimized with the Yoast SEO plugin v16.2 - https:\/\/yoast.com\/wordpress\/plugins\/seo\/ -->\n<meta name=\"robots\" content=\"index, follow, max-snippet:-1, max-image-preview:large, max-video-preview:-1\" \/>\n<link rel=\"canonical\" href=\"http:\/\/szaszkogabriella.com\/index.php\/hu\/szerkeszteslektoralas\/\" \/>\n<meta property=\"og:locale\" content=\"en_US\" \/>\n<meta property=\"og:type\" content=\"article\" \/>\n<meta property=\"og:title\" content=\"Referenci\u00e1im - Szaszk\u00f3 Gabriella\" \/>\n<meta property=\"og:description\" content=\"Az \u00edr\u00e1s mellett szerkeszt\u00e9ssel, ford\u00edt\u00e1s ut\u00e1ni szerkeszt\u00e9ssel, cikk\u00edr\u00e1ssal-ford\u00edt\u00e1ssal \u00e9s m\u0171ford\u00edt\u00e1ssal is foglalkozom. 2017 okt\u00f3bere \u00f3ta sz\u00e1mlak\u00e9pes v\u00e1llalkoz\u00f3 vagyok.\u00a0A szerkeszt\u00e9st 2016-ban tanultam a K\u00f6nyvmolyk\u00e9pz\u0151 Kiad\u00f3 Sz\u00f6vegkert\u00e9szet kurzus\u00e1n, amelyet Varga Bea vezetett. Itt lektori v\u00e9lem\u00e9nyek \u00edr\u00e1s\u00e1val, novella-\u00e9s reg\u00e9nyszerkeszt\u00e9ssel foglalkoztunk. A pr\u00f3za\u00edr\u00e1s jav\u00e1t &hellip; Continue reading &rarr;\" \/>\n<meta property=\"og:url\" content=\"http:\/\/szaszkogabriella.com\/index.php\/hu\/szerkeszteslektoralas\/\" \/>\n<meta property=\"og:site_name\" content=\"Szaszk\u00f3 Gabriella\" \/>\n<meta property=\"article:modified_time\" content=\"2019-07-14T07:32:59+00:00\" \/>\n<meta property=\"og:image\" content=\"https:\/\/i1.wp.com\/szaszkogabriella.com\/wp-content\/uploads\/2017\/05\/2349632625_4eba371b56_z-1.jpg?fit=530%2C275&#038;ssl=1\" \/>\n\t<meta property=\"og:image:width\" content=\"530\" \/>\n\t<meta property=\"og:image:height\" content=\"275\" \/>\n<meta name=\"twitter:card\" content=\"summary\" \/>\n<meta name=\"twitter:label1\" content=\"Est. reading time\">\n\t<meta name=\"twitter:data1\" content=\"4 minutes\">\n<script type=\"application\/ld+json\" class=\"yoast-schema-graph\">{\"@context\":\"https:\/\/schema.org\",\"@graph\":[{\"@type\":\"WebSite\",\"@id\":\"http:\/\/szaszkogabriella.com\/index.php\/hu\/rola\/#website\",\"url\":\"http:\/\/szaszkogabriella.com\/index.php\/hu\/rola\/\",\"name\":\"Szaszk\\u00f3 Gabriella\",\"description\":\"\",\"potentialAction\":[{\"@type\":\"SearchAction\",\"target\":\"http:\/\/szaszkogabriella.com\/index.php\/hu\/rola\/?s={search_term_string}\",\"query-input\":\"required name=search_term_string\"}],\"inLanguage\":\"en-US\"},{\"@type\":\"ImageObject\",\"@id\":\"http:\/\/szaszkogabriella.com\/index.php\/hu\/szerkeszteslektoralas\/#primaryimage\",\"inLanguage\":\"en-US\",\"url\":\"https:\/\/i1.wp.com\/szaszkogabriella.com\/wp-content\/uploads\/2017\/05\/2349632625_4eba371b56_z-1.jpg?fit=530%2C275&ssl=1\",\"contentUrl\":\"https:\/\/i1.wp.com\/szaszkogabriella.com\/wp-content\/uploads\/2017\/05\/2349632625_4eba371b56_z-1.jpg?fit=530%2C275&ssl=1\",\"width\":530,\"height\":275},{\"@type\":\"WebPage\",\"@id\":\"http:\/\/szaszkogabriella.com\/index.php\/hu\/szerkeszteslektoralas\/#webpage\",\"url\":\"http:\/\/szaszkogabriella.com\/index.php\/hu\/szerkeszteslektoralas\/\",\"name\":\"Referenci\\u00e1im - Szaszk\\u00f3 Gabriella\",\"isPartOf\":{\"@id\":\"http:\/\/szaszkogabriella.com\/index.php\/hu\/rola\/#website\"},\"primaryImageOfPage\":{\"@id\":\"http:\/\/szaszkogabriella.com\/index.php\/hu\/szerkeszteslektoralas\/#primaryimage\"},\"datePublished\":\"2017-05-17T15:35:47+00:00\",\"dateModified\":\"2019-07-14T07:32:59+00:00\",\"breadcrumb\":{\"@id\":\"http:\/\/szaszkogabriella.com\/index.php\/hu\/szerkeszteslektoralas\/#breadcrumb\"},\"inLanguage\":\"en-US\",\"potentialAction\":[{\"@type\":\"ReadAction\",\"target\":[\"http:\/\/szaszkogabriella.com\/index.php\/hu\/szerkeszteslektoralas\/\"]}]},{\"@type\":\"BreadcrumbList\",\"@id\":\"http:\/\/szaszkogabriella.com\/index.php\/hu\/szerkeszteslektoralas\/#breadcrumb\",\"itemListElement\":[{\"@type\":\"ListItem\",\"position\":1,\"item\":{\"@type\":\"WebPage\",\"@id\":\"https:\/\/szaszkogabriella.com\/index.php\/en\/about-me\/\",\"url\":\"https:\/\/szaszkogabriella.com\/index.php\/en\/about-me\/\",\"name\":\"Home\"}},{\"@type\":\"ListItem\",\"position\":2,\"item\":{\"@id\":\"http:\/\/szaszkogabriella.com\/index.php\/hu\/szerkeszteslektoralas\/#webpage\"}}]}]}<\/script>\n<!-- \/ Yoast SEO plugin. -->","jetpack_sharing_enabled":true,"jetpack_shortlink":"https:\/\/wp.me\/P6aBpy-s1","jetpack_likes_enabled":true,"jetpack-related-posts":[{"id":119,"url":"https:\/\/szaszkogabriella.com\/index.php\/hu\/rola\/","url_meta":{"origin":1737,"position":0},"title":"R\u00f3lam","date":"January 11, 2015","format":false,"excerpt":"Szaszk\u00f3 Gabriella vagyok, kreat\u00edv \u00edr\u00e1ssal, szerkeszt\u00e9ssel, blog\u00edr\u00e1ssal \u00e9s ford\u00edt\u00e1ssal foglalkozom. Blogoldalamon ebb\u0151l szeretn\u00e9k bemutatni egy szeletet, megosztani alkot\u00e1ssal kapcsolatos gondolataimat, emellett novell\u00e1imat \u00e9s a megjelent reg\u00e9nyeimmel kapcsolatos esem\u00e9nyeket, \u00e9rdekess\u00e9geket. Az oldal ezen r\u00e9sz\u00e9t a\u00a0bemutatkoz\u00e1somra sz\u00e1ntam. \u00cdr\u00f3i p\u00e1lyafut\u00e1som valahol gyermekkoromban kezd\u0151d\u00f6tt, m\u00e1r akkor is mes\u00e9ket alkottam. Err\u0151l az\u00f3ta is k\u00e9ptelen voltam\u2026","rel":"","context":"With 11 comments","img":{"alt_text":"","src":"https:\/\/i2.wp.com\/szaszkogabriella.com\/wp-content\/uploads\/2015\/01\/IMG_0576b.jpg?resize=350%2C200","width":350,"height":200},"classes":[]},{"id":723,"url":"https:\/\/szaszkogabriella.com\/index.php\/hu\/irasaim\/","url_meta":{"origin":1737,"position":1},"title":"\u00cdr\u00e1saim","date":"May 8, 2015","format":false,"excerpt":"Itt megtal\u00e1lhatj\u00e1tok az \u00f6sszes novell\u00e1m \u00e9s reg\u00e9nyem list\u00e1j\u00e1t, term\u00e9szetesen nem mind el\u00e9rhet\u0151 az internetr\u0151l, amelyik igen, arra kattinthattok \u00e9s csemeg\u00e9zhettek! K\u00f6sz\u00f6n\u00f6m az olvas\u00e1st! :) \u00a0 \u00a0 \u00a0 2017 Holnap vil\u00e1gv\u00e9ge After the rain fell A hal\u00e1l sz\u00edneket akar Feles\u00e9g\u2013gy\u00e1r A tet\u0151k felett Kov\u00e1csn\u00e9 els\u0151 \u00fatja Ny\u00e1ri vihar Nagyap\u00e1m temet\u00e9se Holnap\u2026","rel":"","context":"With 2 comments","img":{"alt_text":"","src":"","width":0,"height":0},"classes":[]},{"id":2152,"url":"https:\/\/szaszkogabriella.com\/index.php\/hu\/rolam-irtak\/","url_meta":{"origin":1737,"position":2},"title":"R\u00f3lam \u00edrt\u00e1k","date":"April 26, 2018","format":false,"excerpt":"Erre az oldalra gy\u0171jt\u00f6ttem \u00f6ssze az eddig megjelent interj\u00fakat \u00e9s \u00e9rt\u00e9kel\u00e9seket a k\u00f6nyveimr\u0151l, hogy legyen mib\u0151l szemezgetni. Val\u00f3sz\u00edn\u0171leg a lista kor\u00e1ntsem teljes, hogyha kihagytam volna valakit, akkor nyugodtan jelezze! :) Emellett m\u00e9g sz\u00e1mos list\u00e1ban is felvillantott\u00e1tok m\u00e1r a k\u00f6nyveimet, amit szint\u00e9n nagyon k\u00f6sz\u00f6n\u00f6k!\u00a0 Minden \u00e9rt\u00e9kel\u00e9snek \u00e9s interj\u00fanak nagyon \u00f6r\u00fcl\u00f6k, k\u00f6sz\u00f6n\u00f6m,\u2026","rel":"","context":"Similar post","img":{"alt_text":"","src":"https:\/\/i0.wp.com\/szaszkogabriella.com\/wp-content\/uploads\/2018\/04\/15442115_1189708701121716_3438426609735529172_n.png?resize=350%2C200","width":350,"height":200},"classes":[]}],"_links":{"self":[{"href":"https:\/\/szaszkogabriella.com\/index.php\/wp-json\/wp\/v2\/pages\/1737"}],"collection":[{"href":"https:\/\/szaszkogabriella.com\/index.php\/wp-json\/wp\/v2\/pages"}],"about":[{"href":"https:\/\/szaszkogabriella.com\/index.php\/wp-json\/wp\/v2\/types\/page"}],"author":[{"embeddable":true,"href":"https:\/\/szaszkogabriella.com\/index.php\/wp-json\/wp\/v2\/users\/1"}],"replies":[{"embeddable":true,"href":"https:\/\/szaszkogabriella.com\/index.php\/wp-json\/wp\/v2\/comments?post=1737"}],"version-history":[{"count":9,"href":"https:\/\/szaszkogabriella.com\/index.php\/wp-json\/wp\/v2\/pages\/1737\/revisions"}],"predecessor-version":[{"id":2705,"href":"https:\/\/szaszkogabriella.com\/index.php\/wp-json\/wp\/v2\/pages\/1737\/revisions\/2705"}],"wp:featuredmedia":[{"embeddable":true,"href":"https:\/\/szaszkogabriella.com\/index.php\/wp-json\/wp\/v2\/media\/1738"}],"wp:attachment":[{"href":"https:\/\/szaszkogabriella.com\/index.php\/wp-json\/wp\/v2\/media?parent=1737"}],"curies":[{"name":"wp","href":"https:\/\/api.w.org\/{rel}","templated":true}]}}