{"id":723,"date":"2015-05-08T16:59:35","date_gmt":"2015-05-08T16:59:35","guid":{"rendered":"http:\/\/szaszkogabriella.com\/?page_id=723"},"modified":"2018-01-05T09:53:39","modified_gmt":"2018-01-05T08:53:39","slug":"irasaim","status":"publish","type":"page","link":"https:\/\/szaszkogabriella.com\/index.php\/hu\/irasaim\/","title":{"rendered":"\u00cdr\u00e1saim"},"content":{"rendered":"<p><b><a href=\"https:\/\/i0.wp.com\/szaszkogabriella.com\/wp-content\/uploads\/2015\/05\/10354146_711839032242021_2394564322407692293_n.jpg\"><img data-attachment-id=\"777\" data-permalink=\"https:\/\/szaszkogabriella.com\/index.php\/hu\/irasaim\/10354146_711839032242021_2394564322407692293_n\/\" data-orig-file=\"https:\/\/i0.wp.com\/szaszkogabriella.com\/wp-content\/uploads\/2015\/05\/10354146_711839032242021_2394564322407692293_n.jpg?fit=851%2C960&amp;ssl=1\" data-orig-size=\"851,960\" data-comments-opened=\"1\" data-image-meta=\"{&quot;aperture&quot;:&quot;0&quot;,&quot;credit&quot;:&quot;&quot;,&quot;camera&quot;:&quot;&quot;,&quot;caption&quot;:&quot;&quot;,&quot;created_timestamp&quot;:&quot;0&quot;,&quot;copyright&quot;:&quot;&quot;,&quot;focal_length&quot;:&quot;0&quot;,&quot;iso&quot;:&quot;0&quot;,&quot;shutter_speed&quot;:&quot;0&quot;,&quot;title&quot;:&quot;&quot;,&quot;orientation&quot;:&quot;0&quot;}\" data-image-title=\"10354146_711839032242021_2394564322407692293_n\" data-image-description=\"\" data-medium-file=\"https:\/\/i0.wp.com\/szaszkogabriella.com\/wp-content\/uploads\/2015\/05\/10354146_711839032242021_2394564322407692293_n.jpg?fit=266%2C300&amp;ssl=1\" data-large-file=\"https:\/\/i0.wp.com\/szaszkogabriella.com\/wp-content\/uploads\/2015\/05\/10354146_711839032242021_2394564322407692293_n.jpg?fit=560%2C632&amp;ssl=1\" decoding=\"async\" loading=\"lazy\" class=\"alignleft wp-image-777\" src=\"https:\/\/i0.wp.com\/szaszkogabriella.com\/wp-content\/uploads\/2015\/05\/10354146_711839032242021_2394564322407692293_n.jpg?resize=189%2C213\" alt=\"10354146_711839032242021_2394564322407692293_n\" width=\"189\" height=\"213\" srcset=\"https:\/\/i0.wp.com\/szaszkogabriella.com\/wp-content\/uploads\/2015\/05\/10354146_711839032242021_2394564322407692293_n.jpg?resize=266%2C300&amp;ssl=1 266w, https:\/\/i0.wp.com\/szaszkogabriella.com\/wp-content\/uploads\/2015\/05\/10354146_711839032242021_2394564322407692293_n.jpg?w=851&amp;ssl=1 851w\" sizes=\"(max-width: 189px) 100vw, 189px\" data-recalc-dims=\"1\" \/><\/a>Itt megtal\u00e1lhatj\u00e1tok az \u00f6sszes novell\u00e1m \u00e9s reg\u00e9nyem list\u00e1j\u00e1t, term\u00e9szetesen nem mind el\u00e9rhet\u0151 az internetr\u0151l, amelyik igen, arra kattinthattok \u00e9s csemeg\u00e9zhettek! K\u00f6sz\u00f6n\u00f6m az olvas\u00e1st! \ud83d\ude42<\/b><\/p>\n<p>&nbsp;<\/p>\n<p>&nbsp;<\/p>\n<p>&nbsp;<\/p>\n<p><strong>2017<\/strong><\/p>\n<ul>\n<li>Holnap vil\u00e1gv\u00e9ge<\/li>\n<li>After the rain fell<\/li>\n<li>A hal\u00e1l sz\u00edneket akar<\/li>\n<li>Feles\u00e9g\u2013gy\u00e1r<\/li>\n<li>A tet\u0151k felett<\/li>\n<li>Kov\u00e1csn\u00e9 els\u0151 \u00fatja<\/li>\n<li>Ny\u00e1ri vihar<\/li>\n<li>Nagyap\u00e1m temet\u00e9se<\/li>\n<li>Holnap jobb lesz<\/li>\n<li>A piros sz\u00e9lforg\u00f3<\/li>\n<\/ul>\n<p><strong>2016<\/strong><\/p>\n<ul style=\"list-style-type: disc;\">\n<li>Samnek<\/li>\n<li>Felejt\u0151<\/li>\n<li><a href=\"http:\/\/aranymosas.konyvmolykepzo.hu\/szaszko-gabriella-nagypapa-8453.html\">A nagypapa<\/a><\/li>\n<li>A hivat\u00e1sos anya<\/li>\n<li>Berlin felett<\/li>\n<li><a href=\"http:\/\/szaszkogabriella.com\/index.php\/hu\/2016\/06\/27\/ablak-egy-masik-vilagba\/\">Egy ablak egy m\u00e1sik vil\u00e1g<\/a><\/li>\n<li>\u00cdr\u00f3gy\u00e1r<\/li>\n<li>A csere<\/li>\n<\/ul>\n<p><strong>2015<\/strong><\/p>\n<ul>\n<li><a href=\"http:\/\/szaszkogabriella.com\/index.php\/category\/amit-a-tenger-adott\/\">Amit a tenger adott<\/a>\u00a0(online kisreg\u00e9ny k\u00f6z\u00f6sen S\u00fct\u0151 Fannival)<\/li>\n<li>A modern id\u0151<\/li>\n<li>Ill\u00fazi\u00f3<\/li>\n<li>Gy\u00f6ny\u00f6r\u0171 r\u00e9m\u00e1lom<\/li>\n<li><a href=\"http:\/\/uploadedmagazin.blogspot.co.uk\/2015\/07\/szaszko-gabriella-levelek-kozott-szel.html\" target=\"_blank\" rel=\"noopener\">Levelek k\u00f6z\u00f6tt a sz\u00e9l<\/a>\u00a0(Uploaded Magazin els\u0151 helyez\u00e9s, 2015. j\u00falius)<\/li>\n<li><a href=\"http:\/\/www.youblisher.com\/p\/1198129-Uploaded-Magazin-2015-augusztus-szeptember\/\" target=\"_blank\" rel=\"noopener\">M\u0171v\u00e9szrezerv\u00e1tum<\/a> (Uploaded Magazin megjelen\u00e9s, 2015. augusztus)<\/li>\n<li>A k\u00f6nyvt\u00e1ri fantom<\/li>\n<li>\u00c9rzelemmentesen (\u00daj Galaxis, 24. sz\u00e1m, hamarosan)<\/li>\n<li>Sz\u00f6rny az \u00e1gy al\u00f3l<\/li>\n<li>Els\u0151 nap az iskol\u00e1ban<\/li>\n<li>A sz\u00fcrke ember<\/li>\n<li>\u00c1ramsz\u00fcnet<\/li>\n<li>Okt\u00f3beri hajnal<\/li>\n<li><a href=\"http:\/\/szaszkogabriella.com\/index.php\/2015\/10\/23\/egy-kis-atok-halloweenre\/\" target=\"_blank\" rel=\"noopener\">Az \u00e1tok<\/a><\/li>\n<\/ul>\n<p><strong>2014<\/strong><\/p>\n<ul>\n<li>Meine Toilette<\/li>\n<li><a href=\"http:\/\/www.kislant.hu\/palyazatok-%E2%80%93-proza\/szaszko-gabriella\/az-iro.html\" target=\"_blank\" rel=\"noopener\">Az \u00edr\u00f3 (Kis Lant Irodalmi Foly\u00f3irat, 2014. j\u00falius)<\/a><\/li>\n<li><a href=\"http:\/\/www.ujgalaxis.hu\/index.php?option=com_content&amp;task=view&amp;id=97&amp;Itemid=1\" target=\"_blank\" rel=\"noopener\">K\u00fcl\u00f6n\u00f6s esk\u00fcv\u0151 (\u00daj Galaxis 22. sz\u00e1m, 2015. janu\u00e1r)<\/a><\/li>\n<li>Az \u00e9jszakai l\u00e1togat\u00f3<\/li>\n<li>Eml\u00e9kszel?<\/li>\n<li><a href=\"http:\/\/www.regenytar.hu\/novellapalyazat.php?id=2722#cikk\" target=\"_blank\" rel=\"noopener\">Sose halunk meg<\/a><\/li>\n<li>A f\u00e1kon t\u00fal<\/li>\n<li>Id\u0151tlen<\/li>\n<li>V\u00e9rr\u00e9 v\u00e1lik<\/li>\n<li><a href=\"https:\/\/www.facebook.com\/notes\/aquarius-kincsei\/szaszk%C3%B3-gabriella-a-gondvisel%C5%91\/851851104839253\" target=\"_blank\" rel=\"noopener\">A gondvisel\u0151 (Aquarius Kincsei novellap\u00e1ly\u00e1zat, az \u00edr\u00e1som az els\u0151 h\u00fasz k\u00f6z\u00f6tt, 2014. okt\u00f3ber)<\/a><\/li>\n<li>A f\u00e9nygy\u0171jt\u0151<\/li>\n<li>Martha bef\u0151ttes\u00fcvegei<\/li>\n<li>A betakar\u00edt\u00e1s<\/li>\n<li>A hal\u00e1l s\u00e9t\u00e1ja<\/li>\n<li>Sz\u00edntelen<\/li>\n<li>Otthonra tal\u00e1lni<\/li>\n<\/ul>\n<p><strong>2013<\/strong><\/p>\n<ul>\n<li>A hal\u00e1l \u00e9s a fi\u00fa<\/li>\n<li><em>\u00daj vil\u00e1g (Humanitas Kultur\u00e1lis Alap\u00edtv\u00e1ny &#8220;tolerancia&#8221; orsz\u00e1gos p\u00e1ly\u00e1zat, 2013. \u00e1prilis)<\/em><\/li>\n<li><a href=\"http:\/\/issuu.com\/thetophatraven\/docs\/issue2scr\" target=\"_blank\" rel=\"noopener\">New World (The Tophat Raven Magazine, 2014. \u00e1prilis)<\/a><\/li>\n<li><a href=\"http:\/\/preyer.avana.hu\/?page_id=617\" target=\"_blank\" rel=\"noopener\">Az akci\u00f3 (A Preyer Hugo p\u00e1ly\u00e1zat hivatalos oldala, 2013. december)<\/a><\/li>\n<li>N\u00e9z\u0151pontok<\/li>\n<li><a href=\"http:\/\/aranymosas.konyvmolykepzo.hu\/szaszko-gabriella-atmeneti-allomas-5358.html\" target=\"_blank\" rel=\"noopener\">\u00c1tmeneti \u00e1llom\u00e1s\u00a0(Aranymos\u00e1s Irodalmi Magazin, 2013. december)<\/a><\/li>\n<li><em>Hajnali cs\u00edny (Kur\u00e1zsi Foly\u00f3irat, 2014. augusztus)<\/em><\/li>\n<li><a href=\"http:\/\/szaszkogabriella.com\/index.php\/2013\/09\/12\/szeretem-horror\/\" target=\"_blank\" rel=\"noopener\">\u00c9jjel minden csendes<\/a><\/li>\n<li><a href=\"https:\/\/mediterranya.wordpress.com\/2014\/05\/30\/school-of-nations-nemzetek-iskolaja\/#more-503\" target=\"_blank\" rel=\"noopener\">School of Nations (Mediterranya Literary Blog, 2014. m\u00e1jus)<\/a><\/li>\n<li><a href=\"https:\/\/www.google.pl\/url?sa=t&amp;rct=j&amp;q=&amp;esrc=s&amp;source=web&amp;cd=8&amp;ved=0CFEQFjAH&amp;url=http%3A%2F%2Fwww.iemed.org%2Fpublicacions%2Fhistoric-de-publicacions%2Fcoedicions%2Fa-sea-of-words-2013%2Fat_download%2Farxiu_relacionat&amp;ei=nUxPVdLpE6SvygPnsYC4AQ&amp;usg=AFQjCNGPtvRkbAs0p7x6_u5R3i_E8H-glg&amp;sig2=oivqGjHSErOpTQ1u1I1JUg&amp;bvm=bv.92885102,d.bGQ&amp;cad=rjt\" target=\"_blank\" rel=\"noopener\">Nemzetek iskol\u00e1ja (Institute of the Mediterranean (IEMed) \u00e9s az Anna Lindh Foundation 6. Sea of Words\u00a0<\/a>\n<div><a href=\"https:\/\/www.google.pl\/url?sa=t&amp;rct=j&amp;q=&amp;esrc=s&amp;source=web&amp;cd=8&amp;ved=0CFEQFjAH&amp;url=http%3A%2F%2Fwww.iemed.org%2Fpublicacions%2Fhistoric-de-publicacions%2Fcoedicions%2Fa-sea-of-words-2013%2Fat_download%2Farxiu_relacionat&amp;ei=nUxPVdLpE6SvygPnsYC4AQ&amp;usg=AFQjCNGPtvRkbAs0p7x6_u5R3i_E8H-glg&amp;sig2=oivqGjHSErOpTQ1u1I1JUg&amp;bvm=bv.92885102,d.bGQ&amp;cad=rjt\" target=\"_blank\" rel=\"noopener\">nemzetk\u00f6zi novellap\u00e1ly\u00e1zat\u00e1n a 15 d\u00f6nt\u0151s k\u00f6z\u00f6tt, 2013. augusztus)<\/a><\/div>\n<\/li>\n<li>A kisember<\/li>\n<li><a href=\"https:\/\/docs.google.com\/document\/d\/1xCar-5c_njoxk7Cs2diYj25_IcEERGne3r_a3_8aiMs\/edit\" target=\"_blank\" rel=\"noopener\">Ad\u00f3paradicsom (OPENHU novella\u00edr\u00f3 p\u00e1ly\u00e1zat hatodik helyez\u00e9s, 2013. szeptember)<\/a><\/li>\n<li><a href=\"http:\/\/szaszkogabriella.com\/index.php\/2013\/09\/03\/oszi-hangula\/\" target=\"_blank\" rel=\"noopener\">\u0150szi hajnal<\/a><\/li>\n<li><a href=\"http:\/\/nyakonontottprobagoblinszolgaltatohaz.blogspot.com\/p\/blog-page_67.html\" target=\"_blank\" rel=\"noopener\">Hiszek a t\u00e1rsadalombiztos\u00edt\u00e1sban (Nyakon\u00f6nt\u00f6tt Pr\u00f3bagoblin Szolg\u00e1ltat\u00f3h\u00e1z, 2013.december)<\/a><\/li>\n<li>\u00d6szt\u00f6n\u00f6k utc\u00e1ja<\/li>\n<li><a href=\"http:\/\/szaszkogabriella.com\/index.php\/2014\/05\/04\/krakkoi-novella\/\" target=\"_blank\" rel=\"noopener\">Al\u00e1szolg\u00e1ja<\/a><\/li>\n<li><a href=\"http:\/\/szaszkogabriella.com\/index.php\/2014\/01\/04\/vers-es-novella-egy-kepre\/\" target=\"_blank\" rel=\"noopener\">Egy vil\u00e1g v\u00e1laszt el<\/a><\/li>\n<li>T\u00e9nyleges \u00e9letfogytiglan<\/li>\n<li><a href=\"http:\/\/szaszkogabriella.com\/index.php\/2013\/12\/07\/teli-tanc\/\" target=\"_blank\" rel=\"noopener\">T\u00e9li t\u00e1nc<\/a><\/li>\n<li>Modern \u00dcnnep<\/li>\n<li><a href=\"http:\/\/szaszkogabriella.com\/index.php\/2013\/12\/22\/karacsonyi-kuldetes\/\" target=\"_blank\" rel=\"noopener\">Kar\u00e1csonyi k\u00fcldet\u00e9s<\/a><\/li>\n<\/ul>\n<p><strong>2012<\/strong><\/p>\n<ul>\n<li>82-es k\u00f3rterem<\/li>\n<li>Egymilli\u00e1rd sz\u00edvdobban\u00e1s<\/li>\n<li><a href=\"http:\/\/holnapmagazin.hu\/proza.php?proza_id=15131\" target=\"_blank\" rel=\"noopener\">A h\u00e1zis\u00e1rk\u00e1ny (Holnap Magazin II. Ifj\u00fas\u00e1gi P\u00e1ly\u00e1zat, 2013. m\u00e1rcius)<\/a><\/li>\n<li>Monopoly<\/li>\n<li>A szeretet ereje<\/li>\n<li>Vir\u00e1g<\/li>\n<li>Messzire<\/li>\n<li>Bev\u00e1s\u00e1rl\u00e1s<\/li>\n<li>Megl\u00e1togatjuk a nagyit (T\u00f6viskapu Antol\u00f3gia helyez\u00e9s, 2012. december) &#8211; <a href=\"https:\/\/issuu.com\/weaselpatterson\/docs\/htdecember17\">We&#8217;re Visiting Nanny (Haunted Traveler Anthology, Weasel Press, 2017)<\/a><\/li>\n<li>Milyen messzire jutottunk<\/li>\n<li><a href=\"http:\/\/szaszkogabriella.com\/index.php\/2013\/10\/23\/csilingelo-temeto\/\" target=\"_blank\" rel=\"noopener\">Csilingel\u0151 temet\u0151<\/a><\/li>\n<li><a href=\"http:\/\/bizzarium.com\/szaszko-gabriella-szellemsebesz\/\" target=\"_blank\" rel=\"noopener\">A szellemseb\u00e9sz (Tales from the Blog novellap\u00e1ly\u00e1zat harmadik helyez\u00e9s, 2013. szeptember)<\/a><\/li>\n<\/ul>\n<p><strong>2011<\/strong><\/p>\n<ul>\n<li>\u00c1lom versus Hal\u00e1l<\/li>\n<li>Tavaszi nagytakar\u00edt\u00e1s<\/li>\n<li>Lehet\u0151s\u00e9gek t\u00e1rh\u00e1za<\/li>\n<li>Temet\u0151i portya<\/li>\n<li>K\u0151galambok<\/li>\n<li>Egyszer\u0171 v\u00e1rosi paranoia<\/li>\n<li>Ny\u00e1resti nem jelentett semmit<\/li>\n<li>Fekete-narancss\u00e1rga<\/li>\n<li>Test-l\u00e9lek<\/li>\n<li><em>K\u00f6rforg\u00e1s Falva (Holnap Magazin, 2011. december)<\/em><\/li>\n<li>CV<\/li>\n<li><em>J\u00f3kor j\u00f6tt az \u00e9jf\u00e9l (Holnap Magazin, 2012. j\u00fanius)<\/em><\/li>\n<li>Nem hiszek a v\u00e9gzetben &#8211; avagy v\u00e1lassz magadnak hal\u00e1lnemet<\/li>\n<li><em>Feh\u00e9r kar\u00e1csony (T\u00e9li \u00c1lmok, K\u00f6nyvm\u0171hely Kiad\u00f3, 2012. november)<\/em><\/li>\n<\/ul>\n<p><strong>2010<\/strong><\/p>\n<ul>\n<li>2020<\/li>\n<li>\u00c1ll\u00f3h\u00e1bor\u00fa \u2013 A F\u00f6ld f\u00e9lt\u00e9k\u00e9n innen \u00e9s t\u00fal<\/li>\n<li>Here And There<\/li>\n<\/ul>\n<p><strong>2009<\/strong><\/p>\n<ul>\n<li><em>Csoda-este (Var\u00e1zs-Lapok, Holnap Magazin Kiad\u00f3, 2011. december)<\/em><\/li>\n<li>Lelki t\u00e1rs<\/li>\n<\/ul>\n<p><strong>2007<\/strong><\/p>\n<ul>\n<li>Eml\u00e9kszem<\/li>\n<\/ul>\n<p><strong>2006<\/strong><\/p>\n<ul>\n<li>Az \u0151r\u00fclet rag\u00e1lyos<\/li>\n<li>Egyed\u00fcl<\/li>\n<li>Holdf\u00e9nyes \u00e9jszaka<\/li>\n<\/ul>\n<p><strong>2005<\/strong><\/p>\n<ul>\n<li>\u00c1lltam a folyos\u00f3n<\/li>\n<li>Vonz\u00e1s<\/li>\n<li>Angel<\/li>\n<li>Don\u2019t stand so close to me<\/li>\n<li>Wish<\/li>\n<\/ul>\n<p><strong>Reg\u00e9nyek\/ Kisreg\u00e9nyek<\/strong><\/p>\n<ul>\n<li>2011. szeptember \u2013 2012. febru\u00e1r L\u00e9lek-\u00fat<\/li>\n<li>2012. \u00e1prilis \u2013 2013. m\u00e1rcius\u2013 Maradj velem<\/li>\n<li>2013. j\u00falius \u00ad\u2013 2014. febru\u00e1r \u2013 Besz\u00e9lj hozz\u00e1m<\/li>\n<li>2014. j\u00fanius \u2013 2014. augusztus \u2013 M\u00e9lyv\u00edz<\/li>\n<li>2014. szeptember &#8211; 2015. j\u00falius \u2013 Vigy\u00e1zz r\u00e1m<\/li>\n<li>2015. okt\u00f3ber &#8211; 2015. november &#8211; A cukorkagy\u0171jt\u00e9s<\/li>\n<li>2016. febru\u00e1r &#8211; 2016. november &#8211;\u00a0Febru\u00e1r<\/li>\n<li>2017. m\u00e1rcius \u2013 M\u00e1rcius<\/li>\n<li>2017. j\u00fanius \u2013 Mez\u00edtl\u00e1b nem lehet vil\u00e1gg\u00e1 menni<\/li>\n<\/ul>\n","protected":false},"excerpt":{"rendered":"<p>Itt megtal\u00e1lhatj\u00e1tok az \u00f6sszes novell\u00e1m \u00e9s reg\u00e9nyem list\u00e1j\u00e1t, term\u00e9szetesen nem mind el\u00e9rhet\u0151 az internetr\u0151l, amelyik igen, arra kattinthattok \u00e9s csemeg\u00e9zhettek! K\u00f6sz\u00f6n\u00f6m az olvas\u00e1st! \ud83d\ude42 &nbsp; &nbsp; &nbsp; 2017 Holnap vil\u00e1gv\u00e9ge After the rain fell A hal\u00e1l sz\u00edneket akar Feles\u00e9g\u2013gy\u00e1r A &hellip; <a class=\"more-link\" href=\"https:\/\/szaszkogabriella.com\/index.php\/hu\/irasaim\/\">Continue reading <span class=\"meta-nav\">&rarr;<\/span><\/a><\/p>\n","protected":false},"author":1,"featured_media":0,"parent":0,"menu_order":0,"comment_status":"open","ping_status":"open","template":"","meta":{"spay_email":""},"yoast_head":"<!-- This site is optimized with the Yoast SEO plugin v16.2 - https:\/\/yoast.com\/wordpress\/plugins\/seo\/ -->\n<meta name=\"robots\" content=\"index, follow, max-snippet:-1, max-image-preview:large, max-video-preview:-1\" \/>\n<link rel=\"canonical\" href=\"https:\/\/szaszkogabriella.com\/index.php\/hu\/irasaim\/\" \/>\n<meta property=\"og:locale\" content=\"en_US\" \/>\n<meta property=\"og:type\" content=\"article\" \/>\n<meta property=\"og:title\" content=\"\u00cdr\u00e1saim - Szaszk\u00f3 Gabriella\" \/>\n<meta property=\"og:description\" content=\"Itt megtal\u00e1lhatj\u00e1tok az \u00f6sszes novell\u00e1m \u00e9s reg\u00e9nyem list\u00e1j\u00e1t, term\u00e9szetesen nem mind el\u00e9rhet\u0151 az internetr\u0151l, amelyik igen, arra kattinthattok \u00e9s csemeg\u00e9zhettek! K\u00f6sz\u00f6n\u00f6m az olvas\u00e1st! \ud83d\ude42 &nbsp; &nbsp; &nbsp; 2017 Holnap vil\u00e1gv\u00e9ge After the rain fell A hal\u00e1l sz\u00edneket akar Feles\u00e9g\u2013gy\u00e1r A &hellip; Continue reading &rarr;\" \/>\n<meta property=\"og:url\" content=\"https:\/\/szaszkogabriella.com\/index.php\/hu\/irasaim\/\" \/>\n<meta property=\"og:site_name\" content=\"Szaszk\u00f3 Gabriella\" \/>\n<meta property=\"article:modified_time\" content=\"2018-01-05T08:53:39+00:00\" \/>\n<meta property=\"og:image\" content=\"http:\/\/szaszkogabriella.com\/wp-content\/uploads\/2015\/05\/10354146_711839032242021_2394564322407692293_n-266x300.jpg\" \/>\n<meta name=\"twitter:card\" content=\"summary\" \/>\n<meta name=\"twitter:label1\" content=\"Est. reading time\">\n\t<meta name=\"twitter:data1\" content=\"3 minutes\">\n<script type=\"application\/ld+json\" class=\"yoast-schema-graph\">{\"@context\":\"https:\/\/schema.org\",\"@graph\":[{\"@type\":\"WebSite\",\"@id\":\"https:\/\/szaszkogabriella.com\/index.php\/hu\/rola\/#website\",\"url\":\"https:\/\/szaszkogabriella.com\/index.php\/hu\/rola\/\",\"name\":\"Szaszk\\u00f3 Gabriella\",\"description\":\"\",\"potentialAction\":[{\"@type\":\"SearchAction\",\"target\":\"https:\/\/szaszkogabriella.com\/index.php\/hu\/rola\/?s={search_term_string}\",\"query-input\":\"required name=search_term_string\"}],\"inLanguage\":\"en-US\"},{\"@type\":\"ImageObject\",\"@id\":\"https:\/\/szaszkogabriella.com\/index.php\/hu\/irasaim\/#primaryimage\",\"inLanguage\":\"en-US\",\"url\":\"http:\/\/szaszkogabriella.com\/wp-content\/uploads\/2015\/05\/10354146_711839032242021_2394564322407692293_n-266x300.jpg\",\"contentUrl\":\"http:\/\/szaszkogabriella.com\/wp-content\/uploads\/2015\/05\/10354146_711839032242021_2394564322407692293_n-266x300.jpg\"},{\"@type\":\"WebPage\",\"@id\":\"https:\/\/szaszkogabriella.com\/index.php\/hu\/irasaim\/#webpage\",\"url\":\"https:\/\/szaszkogabriella.com\/index.php\/hu\/irasaim\/\",\"name\":\"\\u00cdr\\u00e1saim - Szaszk\\u00f3 Gabriella\",\"isPartOf\":{\"@id\":\"https:\/\/szaszkogabriella.com\/index.php\/hu\/rola\/#website\"},\"primaryImageOfPage\":{\"@id\":\"https:\/\/szaszkogabriella.com\/index.php\/hu\/irasaim\/#primaryimage\"},\"datePublished\":\"2015-05-08T16:59:35+00:00\",\"dateModified\":\"2018-01-05T08:53:39+00:00\",\"breadcrumb\":{\"@id\":\"https:\/\/szaszkogabriella.com\/index.php\/hu\/irasaim\/#breadcrumb\"},\"inLanguage\":\"en-US\",\"potentialAction\":[{\"@type\":\"ReadAction\",\"target\":[\"https:\/\/szaszkogabriella.com\/index.php\/hu\/irasaim\/\"]}]},{\"@type\":\"BreadcrumbList\",\"@id\":\"https:\/\/szaszkogabriella.com\/index.php\/hu\/irasaim\/#breadcrumb\",\"itemListElement\":[{\"@type\":\"ListItem\",\"position\":1,\"item\":{\"@type\":\"WebPage\",\"@id\":\"http:\/\/szaszkogabriella.com\/index.php\/en\/about-me\/\",\"url\":\"http:\/\/szaszkogabriella.com\/index.php\/en\/about-me\/\",\"name\":\"Home\"}},{\"@type\":\"ListItem\",\"position\":2,\"item\":{\"@id\":\"https:\/\/szaszkogabriella.com\/index.php\/hu\/irasaim\/#webpage\"}}]}]}<\/script>\n<!-- \/ Yoast SEO plugin. -->","jetpack_sharing_enabled":true,"jetpack_shortlink":"https:\/\/wp.me\/P6aBpy-bF","jetpack_likes_enabled":true,"jetpack-related-posts":[{"id":119,"url":"https:\/\/szaszkogabriella.com\/index.php\/hu\/rola\/","url_meta":{"origin":723,"position":0},"title":"R\u00f3lam","date":"January 11, 2015","format":false,"excerpt":"Szaszk\u00f3 Gabriella vagyok, kreat\u00edv \u00edr\u00e1ssal, szerkeszt\u00e9ssel, blog\u00edr\u00e1ssal \u00e9s ford\u00edt\u00e1ssal foglalkozom. Blogoldalamon ebb\u0151l szeretn\u00e9k bemutatni egy szeletet, megosztani alkot\u00e1ssal kapcsolatos gondolataimat, emellett novell\u00e1imat \u00e9s a megjelent reg\u00e9nyeimmel kapcsolatos esem\u00e9nyeket, \u00e9rdekess\u00e9geket. Az oldal ezen r\u00e9sz\u00e9t a\u00a0bemutatkoz\u00e1somra sz\u00e1ntam. \u00cdr\u00f3i p\u00e1lyafut\u00e1som valahol gyermekkoromban kezd\u0151d\u00f6tt, m\u00e1r akkor is mes\u00e9ket alkottam. Err\u0151l az\u00f3ta is k\u00e9ptelen voltam\u2026","rel":"","context":"With 11 comments","img":{"alt_text":"","src":"https:\/\/i2.wp.com\/szaszkogabriella.com\/wp-content\/uploads\/2015\/01\/IMG_0576b.jpg?resize=350%2C200","width":350,"height":200},"classes":[]},{"id":2152,"url":"https:\/\/szaszkogabriella.com\/index.php\/hu\/rolam-irtak\/","url_meta":{"origin":723,"position":1},"title":"R\u00f3lam \u00edrt\u00e1k","date":"April 26, 2018","format":false,"excerpt":"Erre az oldalra gy\u0171jt\u00f6ttem \u00f6ssze az eddig megjelent interj\u00fakat \u00e9s \u00e9rt\u00e9kel\u00e9seket a k\u00f6nyveimr\u0151l, hogy legyen mib\u0151l szemezgetni. Val\u00f3sz\u00edn\u0171leg a lista kor\u00e1ntsem teljes, hogyha kihagytam volna valakit, akkor nyugodtan jelezze! :) Emellett m\u00e9g sz\u00e1mos list\u00e1ban is felvillantott\u00e1tok m\u00e1r a k\u00f6nyveimet, amit szint\u00e9n nagyon k\u00f6sz\u00f6n\u00f6k!\u00a0 Minden \u00e9rt\u00e9kel\u00e9snek \u00e9s interj\u00fanak nagyon \u00f6r\u00fcl\u00f6k, k\u00f6sz\u00f6n\u00f6m,\u2026","rel":"","context":"Similar post","img":{"alt_text":"","src":"https:\/\/i0.wp.com\/szaszkogabriella.com\/wp-content\/uploads\/2018\/04\/15442115_1189708701121716_3438426609735529172_n.png?resize=350%2C200","width":350,"height":200},"classes":[]},{"id":1737,"url":"https:\/\/szaszkogabriella.com\/index.php\/hu\/szerkeszteslektoralas\/","url_meta":{"origin":723,"position":2},"title":"Referenci\u00e1im","date":"May 17, 2017","format":false,"excerpt":"Az \u00edr\u00e1s mellett szerkeszt\u00e9ssel, ford\u00edt\u00e1s ut\u00e1ni szerkeszt\u00e9ssel, cikk\u00edr\u00e1ssal-ford\u00edt\u00e1ssal \u00e9s m\u0171ford\u00edt\u00e1ssal is foglalkozom. 2017 okt\u00f3bere \u00f3ta sz\u00e1mlak\u00e9pes v\u00e1llalkoz\u00f3 vagyok.\u00a0A szerkeszt\u00e9st 2016-ban tanultam a K\u00f6nyvmolyk\u00e9pz\u0151 Kiad\u00f3 Sz\u00f6vegkert\u00e9szet kurzus\u00e1n, amelyet Varga Bea vezetett. Itt lektori v\u00e9lem\u00e9nyek \u00edr\u00e1s\u00e1val, novella-\u00e9s reg\u00e9nyszerkeszt\u00e9ssel foglalkoztunk. A pr\u00f3za\u00edr\u00e1s jav\u00e1t pedig 2012-ben saj\u00e1t\u00edtottam el a G\u00f6d\u00f6ll\u0151i IRKA szervez\u00e9s\u00e9ben indult kurzuson,\u2026","rel":"","context":"Similar post","img":{"alt_text":"","src":"https:\/\/i1.wp.com\/szaszkogabriella.com\/wp-content\/uploads\/2017\/05\/2349632625_4eba371b56_z-1.jpg?fit=530%2C275&ssl=1&resize=350%2C200","width":350,"height":200},"classes":[]}],"_links":{"self":[{"href":"https:\/\/szaszkogabriella.com\/index.php\/wp-json\/wp\/v2\/pages\/723"}],"collection":[{"href":"https:\/\/szaszkogabriella.com\/index.php\/wp-json\/wp\/v2\/pages"}],"about":[{"href":"https:\/\/szaszkogabriella.com\/index.php\/wp-json\/wp\/v2\/types\/page"}],"author":[{"embeddable":true,"href":"https:\/\/szaszkogabriella.com\/index.php\/wp-json\/wp\/v2\/users\/1"}],"replies":[{"embeddable":true,"href":"https:\/\/szaszkogabriella.com\/index.php\/wp-json\/wp\/v2\/comments?post=723"}],"version-history":[{"count":15,"href":"https:\/\/szaszkogabriella.com\/index.php\/wp-json\/wp\/v2\/pages\/723\/revisions"}],"predecessor-version":[{"id":1994,"href":"https:\/\/szaszkogabriella.com\/index.php\/wp-json\/wp\/v2\/pages\/723\/revisions\/1994"}],"wp:attachment":[{"href":"https:\/\/szaszkogabriella.com\/index.php\/wp-json\/wp\/v2\/media?parent=723"}],"curies":[{"name":"wp","href":"https:\/\/api.w.org\/{rel}","templated":true}]}}